{"id":25721,"date":"2023-02-13T12:59:34","date_gmt":"2023-02-13T12:59:34","guid":{"rendered":"https:\/\/fssj.es\/historia-del-centre\/"},"modified":"2024-05-23T08:20:39","modified_gmt":"2024-05-23T08:20:39","slug":"historia-del-centre","status":"publish","type":"page","link":"https:\/\/fssj.es\/es\/historia-del-centre\/","title":{"rendered":"Historia del centro"},"content":{"rendered":"\t\t<div data-elementor-type=\"wp-page\" data-elementor-id=\"25721\" class=\"elementor elementor-25721 elementor-24387\" data-elementor-post-type=\"page\">\n\t\t\t\t\t\t<section class=\"elementor-section elementor-top-section elementor-element elementor-element-92629b2 elementor-section-boxed elementor-section-height-default elementor-section-height-default sc_fly_static\" data-id=\"92629b2\" data-element_type=\"section\" data-e-type=\"section\">\n\t\t\t\t\t\t<div class=\"elementor-container elementor-column-gap-extended\">\n\t\t\t\t\t<div class=\"elementor-column elementor-col-100 elementor-top-column elementor-element elementor-element-9d94ad6 sc_inner_width_none sc_content_align_inherit sc_layouts_column_icons_position_left sc_fly_static\" data-id=\"9d94ad6\" data-element_type=\"column\" data-e-type=\"column\">\n\t\t\t<div class=\"elementor-widget-wrap elementor-element-populated\">\n\t\t\t\t\t\t<div class=\"elementor-element elementor-element-38b6040 sc_height_huge sc_fly_static elementor-widget elementor-widget-spacer\" data-id=\"38b6040\" data-element_type=\"widget\" data-e-type=\"widget\" data-widget_type=\"spacer.default\">\n\t\t\t\t<div class=\"elementor-widget-container\">\n\t\t\t\t\t\t\t<div class=\"elementor-spacer\">\n\t\t\t<div class=\"elementor-spacer-inner\"><\/div>\n\t\t<\/div>\n\t\t\t\t\t\t<\/div>\n\t\t\t\t<\/div>\n\t\t\t\t\t<\/div>\n\t\t<\/div>\n\t\t\t\t\t<\/div>\n\t\t<\/section>\n\t\t\t\t<section class=\"elementor-section elementor-top-section elementor-element elementor-element-1150a98 elementor-section-boxed elementor-section-height-default elementor-section-height-default sc_fly_static\" data-id=\"1150a98\" data-element_type=\"section\" data-e-type=\"section\">\n\t\t\t\t\t\t<div class=\"elementor-container elementor-column-gap-wider\">\n\t\t\t\t\t<div class=\"elementor-column elementor-col-33 elementor-top-column elementor-element elementor-element-d172c6e sc_inner_width_none sc_content_align_inherit sc_layouts_column_icons_position_left sc_fly_static\" data-id=\"d172c6e\" data-element_type=\"column\" data-e-type=\"column\">\n\t\t\t<div class=\"elementor-widget-wrap elementor-element-populated\">\n\t\t\t\t\t\t<div class=\"elementor-element elementor-element-2ec4b50 sc_fly_static elementor-widget elementor-widget-image\" data-id=\"2ec4b50\" data-element_type=\"widget\" data-e-type=\"widget\" data-widget_type=\"image.default\">\n\t\t\t\t<div class=\"elementor-widget-container\">\n\t\t\t\t\t\t\t\t\t\t\t\t\t\t\t<img fetchpriority=\"high\" decoding=\"async\" width=\"405\" height=\"347\" src=\"https:\/\/fssj.es\/wp-content\/uploads\/2023\/02\/facana-antiga.jpg\" class=\"attachment-full size-full wp-image-24388\" alt=\"\" srcset=\"https:\/\/fssj.es\/wp-content\/uploads\/2023\/02\/facana-antiga.jpg 405w, https:\/\/fssj.es\/wp-content\/uploads\/2023\/02\/facana-antiga-300x257.jpg 300w, https:\/\/fssj.es\/wp-content\/uploads\/2023\/02\/facana-antiga-370x317.jpg 370w\" sizes=\"(max-width: 600px) 100vw, 405px\" \/>\t\t\t\t\t\t\t\t\t\t\t\t\t\t\t<\/div>\n\t\t\t\t<\/div>\n\t\t\t\t\t<\/div>\n\t\t<\/div>\n\t\t\t\t<div class=\"elementor-column elementor-col-66 elementor-top-column elementor-element elementor-element-d26f79f sc_inner_width_none sc_content_align_inherit sc_layouts_column_icons_position_left sc_fly_static\" data-id=\"d26f79f\" data-element_type=\"column\" data-e-type=\"column\">\n\t\t\t<div class=\"elementor-widget-wrap elementor-element-populated\">\n\t\t\t\t\t\t<div class=\"elementor-element elementor-element-bee4cf1 sc_fly_static elementor-widget elementor-widget-text-editor\" data-id=\"bee4cf1\" data-element_type=\"widget\" data-e-type=\"widget\" data-widget_type=\"text-editor.default\">\n\t\t\t\t<div class=\"elementor-widget-container\">\n\t\t\t\t\t\t\t\t\t<p id=\"u4800-2\" class=\"Estilo-de-p-rrafo\">La creaci\u00f3n del centro se remonta por los alrededores de los a\u00f1os 50, cuando un reducido grupo de m\u00e9dicos y unos mediadores de seguros, constituyeron una sociedad de asistencia sanitaria, t\u00edpica de las asociaciones y mutualidades tan arraigadas al pa\u00eds. Esta iniciativa naci\u00f3 porque Igualada en aquella \u00e9poca estaba muy falta de servicio sanitario asistencial.<br \/><br \/>En principio funcionaron unos consultorios, pero muy pronto fue necesario instalar una peque\u00f1a cl\u00ednica, con 10 habitaciones, ubicada en el centro de la ciudad, concretamente en la calle Sebasti\u00e0 Art\u00e9s. Muy pronto result\u00f3 insuficiente el servicio y en mayo de 1963, se adquiri\u00f3 la finca actual, una torre se\u00f1orial que despu\u00e9s de muchas obras y reformas se inaugur\u00f3 el mes de julio de 1966.<br \/><br \/>Se le puso el nombre de Cl\u00ednica St. Josep en atenci\u00f3n a la solicitud de las Monjas Josefinas (religiosas hijas de St. Josep) y en honor a su patr\u00f3n. La mencionada comunidad ya ven\u00eda dando servicio desde los inicios. Posteriormente, se compr\u00f3 el solar situado detr\u00e1s y se procedi\u00f3 a la construcci\u00f3n de un nuevo pabell\u00f3n, cuya inauguraci\u00f3n fue en mayo de 1975.<br \/><br \/>Con fecha 8 de noviembre de 1983, Cl\u00ednica St. Josep se transform\u00f3 en Centro Socio-Sanitario Asistido: los servicios estaban concertados con el Servicio Catal\u00e1n de la Salud y la ICASS de Bienestar Social. El 28 de septiembre de 1995, el honorable Sr. Trias y Vidal de Lobera, entonces Consejero de Sanidad de la Generalitat, inaugur\u00f3 el Hospital de D\u00eda.<br \/><br \/>Finalmente, el d\u00eda 1 de enero de 1999 se transforma en Fundaci\u00f3n St. Josep y un a\u00f1o despu\u00e9s con la adquisici\u00f3n de una finca adyacente se sobrepasaban las 200 camas.<\/p>\t\t\t\t\t\t\t\t<\/div>\n\t\t\t\t<\/div>\n\t\t\t\t<div class=\"elementor-element elementor-element-2fab9b9 sc_fly_static elementor-widget elementor-widget-spacer\" data-id=\"2fab9b9\" data-element_type=\"widget\" data-e-type=\"widget\" data-widget_type=\"spacer.default\">\n\t\t\t\t<div class=\"elementor-widget-container\">\n\t\t\t\t\t\t\t<div class=\"elementor-spacer\">\n\t\t\t<div class=\"elementor-spacer-inner\"><\/div>\n\t\t<\/div>\n\t\t\t\t\t\t<\/div>\n\t\t\t\t<\/div>\n\t\t\t\t\t<\/div>\n\t\t<\/div>\n\t\t\t\t\t<\/div>\n\t\t<\/section>\n\t\t\t\t<section class=\"elementor-section elementor-top-section elementor-element elementor-element-0f18418 elementor-section-boxed elementor-section-height-default elementor-section-height-default sc_fly_static\" data-id=\"0f18418\" data-element_type=\"section\" data-e-type=\"section\">\n\t\t\t\t\t\t<div class=\"elementor-container elementor-column-gap-extended\">\n\t\t\t\t\t<div class=\"elementor-column elementor-col-100 elementor-top-column elementor-element elementor-element-f928582 sc_inner_width_none sc_content_align_inherit sc_layouts_column_icons_position_left sc_fly_static\" data-id=\"f928582\" data-element_type=\"column\" data-e-type=\"column\">\n\t\t\t<div class=\"elementor-widget-wrap elementor-element-populated\">\n\t\t\t\t\t\t<div class=\"elementor-element elementor-element-1b9af80 sc_height_huge sc_fly_static elementor-widget elementor-widget-spacer\" data-id=\"1b9af80\" data-element_type=\"widget\" data-e-type=\"widget\" data-widget_type=\"spacer.default\">\n\t\t\t\t<div class=\"elementor-widget-container\">\n\t\t\t\t\t\t\t<div class=\"elementor-spacer\">\n\t\t\t<div class=\"elementor-spacer-inner\"><\/div>\n\t\t<\/div>\n\t\t\t\t\t\t<\/div>\n\t\t\t\t<\/div>\n\t\t\t\t\t<\/div>\n\t\t<\/div>\n\t\t\t\t\t<\/div>\n\t\t<\/section>\n\t\t\t\t<\/div>\n\t\t","protected":false},"excerpt":{"rendered":"<p>La creaci\u00f3n del centro se remonta por los alrededores de los a\u00f1os 50, cuando un reducido grupo de m\u00e9dicos y unos mediadores de seguros, constituyeron una sociedad de asistencia sanitaria,&hellip;<\/p>\n","protected":false},"author":1,"featured_media":25627,"parent":0,"menu_order":0,"comment_status":"closed","ping_status":"closed","template":"","meta":{"footnotes":""},"class_list":["post-25721","page","type-page","status-publish","has-post-thumbnail","hentry"],"_links":{"self":[{"href":"https:\/\/fssj.es\/es\/wp-json\/wp\/v2\/pages\/25721","targetHints":{"allow":["GET"]}}],"collection":[{"href":"https:\/\/fssj.es\/es\/wp-json\/wp\/v2\/pages"}],"about":[{"href":"https:\/\/fssj.es\/es\/wp-json\/wp\/v2\/types\/page"}],"author":[{"embeddable":true,"href":"https:\/\/fssj.es\/es\/wp-json\/wp\/v2\/users\/1"}],"replies":[{"embeddable":true,"href":"https:\/\/fssj.es\/es\/wp-json\/wp\/v2\/comments?post=25721"}],"version-history":[{"count":1,"href":"https:\/\/fssj.es\/es\/wp-json\/wp\/v2\/pages\/25721\/revisions"}],"predecessor-version":[{"id":27215,"href":"https:\/\/fssj.es\/es\/wp-json\/wp\/v2\/pages\/25721\/revisions\/27215"}],"wp:featuredmedia":[{"embeddable":true,"href":"https:\/\/fssj.es\/es\/wp-json\/wp\/v2\/media\/25627"}],"wp:attachment":[{"href":"https:\/\/fssj.es\/es\/wp-json\/wp\/v2\/media?parent=25721"}],"curies":[{"name":"wp","href":"https:\/\/api.w.org\/{rel}","templated":true}]}}