{"id":25857,"date":"2023-02-08T15:42:13","date_gmt":"2023-02-08T15:42:13","guid":{"rendered":"https:\/\/fssj.es\/transparencia-docs\/"},"modified":"2024-05-22T16:38:55","modified_gmt":"2024-05-22T16:38:55","slug":"transparencia-docs","status":"publish","type":"page","link":"https:\/\/fssj.es\/es\/transparencia-docs\/","title":{"rendered":"Transparencia Docs"},"content":{"rendered":"\t\t<div data-elementor-type=\"wp-page\" data-elementor-id=\"25857\" class=\"elementor elementor-25857 elementor-22756\" data-elementor-post-type=\"page\">\n\t\t\t\t\t\t<section class=\"elementor-section elementor-top-section elementor-element elementor-element-92629b2 elementor-section-boxed elementor-section-height-default elementor-section-height-default sc_fly_static\" data-id=\"92629b2\" data-element_type=\"section\" data-e-type=\"section\">\n\t\t\t\t\t\t<div class=\"elementor-container elementor-column-gap-extended\">\n\t\t\t\t\t<div class=\"elementor-column elementor-col-100 elementor-top-column elementor-element elementor-element-9d94ad6 sc_inner_width_none sc_content_align_inherit sc_layouts_column_icons_position_left sc_fly_static\" data-id=\"9d94ad6\" data-element_type=\"column\" data-e-type=\"column\">\n\t\t\t<div class=\"elementor-widget-wrap elementor-element-populated\">\n\t\t\t\t\t\t<div class=\"elementor-element elementor-element-38b6040 sc_height_huge sc_fly_static elementor-widget elementor-widget-spacer\" data-id=\"38b6040\" data-element_type=\"widget\" data-e-type=\"widget\" data-widget_type=\"spacer.default\">\n\t\t\t\t<div class=\"elementor-widget-container\">\n\t\t\t\t\t\t\t<div class=\"elementor-spacer\">\n\t\t\t<div class=\"elementor-spacer-inner\"><\/div>\n\t\t<\/div>\n\t\t\t\t\t\t<\/div>\n\t\t\t\t<\/div>\n\t\t\t\t\t<\/div>\n\t\t<\/div>\n\t\t\t\t\t<\/div>\n\t\t<\/section>\n\t\t\t\t<section class=\"elementor-section elementor-top-section elementor-element elementor-element-1150a98 elementor-section-boxed elementor-section-height-default elementor-section-height-default sc_fly_static\" data-id=\"1150a98\" data-element_type=\"section\" data-e-type=\"section\">\n\t\t\t\t\t\t<div class=\"elementor-container elementor-column-gap-wider\">\n\t\t\t\t\t<div class=\"elementor-column elementor-col-33 elementor-top-column elementor-element elementor-element-d172c6e sc_inner_width_none sc_content_align_inherit sc_layouts_column_icons_position_left sc_fly_static\" data-id=\"d172c6e\" data-element_type=\"column\" data-e-type=\"column\">\n\t\t\t<div class=\"elementor-widget-wrap elementor-element-populated\">\n\t\t\t\t\t\t<div class=\"elementor-element elementor-element-2ec4b50 sc_fly_static elementor-widget elementor-widget-image\" data-id=\"2ec4b50\" data-element_type=\"widget\" data-e-type=\"widget\" data-widget_type=\"image.default\">\n\t\t\t\t<div class=\"elementor-widget-container\">\n\t\t\t\t\t\t\t\t\t\t\t\t\t\t\t<img fetchpriority=\"high\" decoding=\"async\" width=\"434\" height=\"391\" src=\"https:\/\/fssj.es\/wp-content\/uploads\/2023\/02\/doctors435x391.jpg\" class=\"attachment-full size-full wp-image-22787\" alt=\"\" srcset=\"https:\/\/fssj.es\/wp-content\/uploads\/2023\/02\/doctors435x391.jpg 434w, https:\/\/fssj.es\/wp-content\/uploads\/2023\/02\/doctors435x391-300x270.jpg 300w, https:\/\/fssj.es\/wp-content\/uploads\/2023\/02\/doctors435x391-370x333.jpg 370w, https:\/\/fssj.es\/wp-content\/uploads\/2023\/02\/doctors435x391-410x369.jpg 410w\" sizes=\"(max-width: 600px) 100vw, 434px\" \/>\t\t\t\t\t\t\t\t\t\t\t\t\t\t\t<\/div>\n\t\t\t\t<\/div>\n\t\t\t\t\t<\/div>\n\t\t<\/div>\n\t\t\t\t<div class=\"elementor-column elementor-col-66 elementor-top-column elementor-element elementor-element-d26f79f sc_inner_width_none sc_content_align_inherit sc_layouts_column_icons_position_left sc_fly_static\" data-id=\"d26f79f\" data-element_type=\"column\" data-e-type=\"column\">\n\t\t\t<div class=\"elementor-widget-wrap elementor-element-populated\">\n\t\t\t\t\t\t<div class=\"elementor-element elementor-element-bee4cf1 sc_fly_static elementor-widget elementor-widget-text-editor\" data-id=\"bee4cf1\" data-element_type=\"widget\" data-e-type=\"widget\" data-widget_type=\"text-editor.default\">\n\t\t\t\t<div class=\"elementor-widget-container\">\n\t\t\t\t\t\t\t\t\t<p id=\"u22883-2\" class=\"Estilo-de-p-rrafo\">Fundaci\u00f3 Sanitaria Sant Josep, con domicilio social en el municipio de Igualada, calle Carme Verdaguer 54, y NIF G61783106, es una entidad sin \u00e1nimo de lucro, constituida el 27 de Julio de febrero de 1997, ante el Sr. D. Miguel Angel Perez de Lazarraga, Notario del Ilustre Colegio de Barcelona.<\/p><p id=\"u22883-5\" class=\"Estilo-de-p-rrafo\">La Fundaci\u00f3n est\u00e1 inscrita en el Registro de la Direcci\u00f3n General de Derecho y de Entidades Jur\u00eddicas del Departamento de Justicia de la Generalitat de Catalunya con el n.\u00ba 1161, y en el Registro de Entidades, Servicios y Establecimientos de Servicios Sociales del Departamento de Bienestar Social y Familia de la Generalitat de Catalunya con el n.\u00ba S05323 como Servicio de Hogar Residencia (Llar Verdaguer), el n\u00fam. S08709 como Servicio de Residencia Asistida para la Gente mayor y el n.\u00ba S08034 como Servicio de Hogar con servicio de apoyo.<\/p><p id=\"u22883-8\" class=\"Estilo-de-p-rrafo\">La Fundaci\u00f3n, en cumplimiento de su responsabilidad, pose a disposici\u00f3n p\u00fablica los siguientes documentos:<\/p>\t\t\t\t\t\t\t\t<\/div>\n\t\t\t\t<\/div>\n\t\t\t\t<div class=\"elementor-element elementor-element-2fab9b9 sc_fly_static elementor-widget elementor-widget-spacer\" data-id=\"2fab9b9\" data-element_type=\"widget\" data-e-type=\"widget\" data-widget_type=\"spacer.default\">\n\t\t\t\t<div class=\"elementor-widget-container\">\n\t\t\t\t\t\t\t<div class=\"elementor-spacer\">\n\t\t\t<div class=\"elementor-spacer-inner\"><\/div>\n\t\t<\/div>\n\t\t\t\t\t\t<\/div>\n\t\t\t\t<\/div>\n\t\t\t\t<section class=\"elementor-section elementor-inner-section elementor-element elementor-element-97c13cc elementor-section-boxed elementor-section-height-default elementor-section-height-default sc_fly_static\" data-id=\"97c13cc\" data-element_type=\"section\" data-e-type=\"section\">\n\t\t\t\t\t\t<div class=\"elementor-container elementor-column-gap-no\">\n\t\t\t\t\t<div class=\"elementor-column elementor-col-100 elementor-inner-column elementor-element elementor-element-9f51227 sc_inner_width_none sc_content_align_inherit sc_layouts_column_icons_position_left sc_fly_static\" data-id=\"9f51227\" data-element_type=\"column\" data-e-type=\"column\">\n\t\t\t<div class=\"elementor-widget-wrap elementor-element-populated\">\n\t\t\t\t\t\t<div class=\"elementor-element elementor-element-6b26d7f sc_fly_static elementor-widget elementor-widget-trx_sc_title\" data-id=\"6b26d7f\" data-element_type=\"widget\" data-e-type=\"widget\" data-widget_type=\"trx_sc_title.default\">\n\t\t\t\t<div class=\"elementor-widget-container\">\n\t\t\t\t\t<div\t\tclass=\"sc_title sc_title_default\" ><h5 class=\"sc_item_title sc_title_title sc_align_left sc_item_title_style_default sc_item_title_tag\"\n\t\t\t><span class=\"sc_item_title_text\">Cuentas<\/span><\/h5><\/div>\t\t\t\t<\/div>\n\t\t\t\t<\/div>\n\t\t\t\t<div class=\"elementor-element elementor-element-c7b884a sc_height_small sc_fly_static elementor-widget elementor-widget-spacer\" data-id=\"c7b884a\" data-element_type=\"widget\" data-e-type=\"widget\" data-widget_type=\"spacer.default\">\n\t\t\t\t<div class=\"elementor-widget-container\">\n\t\t\t\t\t\t\t<div class=\"elementor-spacer\">\n\t\t\t<div class=\"elementor-spacer-inner\"><\/div>\n\t\t<\/div>\n\t\t\t\t\t\t<\/div>\n\t\t\t\t<\/div>\n\t\t\t\t<div class=\"elementor-element elementor-element-5e68c51 sc_fly_static elementor-widget elementor-widget-trx_sc_icons\" data-id=\"5e68c51\" data-element_type=\"widget\" data-e-type=\"widget\" data-widget_type=\"trx_sc_icons.default\">\n\t\t\t\t<div class=\"elementor-widget-container\">\n\t\t\t\t\t<div \tclass=\"sc_icons sc_icons_divider4 sc_icons_size_small sc_align_none\" ><div class=\"sc_icons_columns_wrap sc_item_columns trx_addons_columns_wrap columns_padding_bottom columns_in_single_row\" ><div class=\"trx_addons_column-1_2\"><div class=\"sc_icons_item sc_icons_item_linked\"><div class=\"sc_icons_icon sc_icon_type_ icon-wallet-light\" style=\"color: #B765A5\" ><span class=\"sc_icon_type_ icon-wallet-light\" style=\"color: #B765A5\"><\/span><\/div><div class=\"sc_icons_item_details\"><h4 class=\"sc_icons_item_title\"><a href=\"https:\/\/fssj.es\/wp-content\/uploads\/2023\/02\/cta.anuals-auditades-2015-2.pdf\">\n                                    Cuentas anuales 2015                                    <\/a><\/h4><a href=\"https:\/\/fssj.es\/wp-content\/uploads\/2023\/02\/cta.anuals-auditades-2015-2.pdf\"\n                        class=\"sc_icons_item_link\">\n                        <\/a><\/div><\/div><\/div><div class=\"trx_addons_column-1_2\"><div class=\"sc_icons_item sc_icons_item_linked\"><div class=\"sc_icons_icon sc_icon_type_ icon-wallet-light\" style=\"color: #B765A5\" ><span class=\"sc_icon_type_ icon-wallet-light\" style=\"color: #B765A5\"><\/span><\/div><div class=\"sc_icons_item_details\"><h4 class=\"sc_icons_item_title\"><a href=\"https:\/\/fssj.es\/wp-content\/uploads\/2023\/02\/cta.anuals-auditades-2016.pdf\">\n                                    Cuentas anuales 2016                                    <\/a><\/h4><a href=\"https:\/\/fssj.es\/wp-content\/uploads\/2023\/02\/cta.anuals-auditades-2016.pdf\"\n                        class=\"sc_icons_item_link\">\n                        <\/a><\/div><\/div><\/div><\/div><\/div><!-- \/.sc_icons -->\t\t\t\t<\/div>\n\t\t\t\t<\/div>\n\t\t\t\t<div class=\"elementor-element elementor-element-0f16a90 sc_fly_static elementor-widget elementor-widget-spacer\" data-id=\"0f16a90\" data-element_type=\"widget\" data-e-type=\"widget\" data-widget_type=\"spacer.default\">\n\t\t\t\t<div class=\"elementor-widget-container\">\n\t\t\t\t\t\t\t<div class=\"elementor-spacer\">\n\t\t\t<div class=\"elementor-spacer-inner\"><\/div>\n\t\t<\/div>\n\t\t\t\t\t\t<\/div>\n\t\t\t\t<\/div>\n\t\t\t\t<div class=\"elementor-element elementor-element-fe3e2db sc_fly_static elementor-widget elementor-widget-trx_sc_title\" data-id=\"fe3e2db\" data-element_type=\"widget\" data-e-type=\"widget\" data-widget_type=\"trx_sc_title.default\">\n\t\t\t\t<div class=\"elementor-widget-container\">\n\t\t\t\t\t<div\t\tclass=\"sc_title sc_title_default\" ><h5 class=\"sc_item_title sc_title_title sc_align_left sc_item_title_style_default sc_item_title_tag\"\n\t\t\t><span class=\"sc_item_title_text\">Contratos<\/span><\/h5><\/div>\t\t\t\t<\/div>\n\t\t\t\t<\/div>\n\t\t\t\t<div class=\"elementor-element elementor-element-c2dd3ef sc_height_small sc_fly_static elementor-widget elementor-widget-spacer\" data-id=\"c2dd3ef\" data-element_type=\"widget\" data-e-type=\"widget\" data-widget_type=\"spacer.default\">\n\t\t\t\t<div class=\"elementor-widget-container\">\n\t\t\t\t\t\t\t<div class=\"elementor-spacer\">\n\t\t\t<div class=\"elementor-spacer-inner\"><\/div>\n\t\t<\/div>\n\t\t\t\t\t\t<\/div>\n\t\t\t\t<\/div>\n\t\t\t\t<div class=\"elementor-element elementor-element-2416dfb sc_fly_static elementor-widget elementor-widget-trx_sc_icons\" data-id=\"2416dfb\" data-element_type=\"widget\" data-e-type=\"widget\" data-widget_type=\"trx_sc_icons.default\">\n\t\t\t\t<div class=\"elementor-widget-container\">\n\t\t\t\t\t<div \tclass=\"sc_icons sc_icons_divider4 sc_icons_size_small sc_align_none\" ><div class=\"sc_icons_columns_wrap sc_item_columns trx_addons_columns_wrap columns_padding_bottom columns_in_single_row\" ><div class=\"trx_addons_column-1_2\"><div class=\"sc_icons_item sc_icons_item_linked\"><div class=\"sc_icons_icon sc_icon_type_ icon-doc-text\" style=\"color: #B765A5\" ><span class=\"sc_icon_type_ icon-doc-text\" style=\"color: #B765A5\"><\/span><\/div><div class=\"sc_icons_item_details\"><h4 class=\"sc_icons_item_title\"><a href=\"https:\/\/fssj.es\/wp-content\/uploads\/2023\/02\/36-clausula-general-condicions-sant-josep-igualada.pdf\">\n                                    36 Clausula General de Condiciones CatSalut                                    <\/a><\/h4><a href=\"https:\/\/fssj.es\/wp-content\/uploads\/2023\/02\/36-clausula-general-condicions-sant-josep-igualada.pdf\"\n                        class=\"sc_icons_item_link\">\n                        <\/a><\/div><\/div><\/div><div class=\"trx_addons_column-1_2\"><div class=\"sc_icons_item sc_icons_item_linked\"><div class=\"sc_icons_icon sc_icon_type_ icon-doc-text\" style=\"color: #B765A5\" ><span class=\"sc_icon_type_ icon-doc-text\" style=\"color: #B765A5\"><\/span><\/div><div class=\"sc_icons_item_details\"><h4 class=\"sc_icons_item_title\"><a href=\"https:\/\/fssj.es\/wp-content\/uploads\/2023\/02\/37-clausula-transparencia-sant-josep-igualada.pdf\">\n                                    37 Clausula Transparencia - CatSalut                                    <\/a><\/h4><a href=\"https:\/\/fssj.es\/wp-content\/uploads\/2023\/02\/37-clausula-transparencia-sant-josep-igualada.pdf\"\n                        class=\"sc_icons_item_link\">\n                        <\/a><\/div><\/div><\/div><\/div><\/div><!-- \/.sc_icons -->\t\t\t\t<\/div>\n\t\t\t\t<\/div>\n\t\t\t\t<div class=\"elementor-element elementor-element-d770c4f sc_fly_static elementor-widget elementor-widget-spacer\" data-id=\"d770c4f\" data-element_type=\"widget\" data-e-type=\"widget\" data-widget_type=\"spacer.default\">\n\t\t\t\t<div class=\"elementor-widget-container\">\n\t\t\t\t\t\t\t<div class=\"elementor-spacer\">\n\t\t\t<div class=\"elementor-spacer-inner\"><\/div>\n\t\t<\/div>\n\t\t\t\t\t\t<\/div>\n\t\t\t\t<\/div>\n\t\t\t\t<div class=\"elementor-element elementor-element-5e47cb7 sc_fly_static elementor-widget elementor-widget-trx_sc_icons\" data-id=\"5e47cb7\" data-element_type=\"widget\" data-e-type=\"widget\" data-widget_type=\"trx_sc_icons.default\">\n\t\t\t\t<div class=\"elementor-widget-container\">\n\t\t\t\t\t<div \tclass=\"sc_icons sc_icons_divider4 sc_icons_size_small sc_align_none\" ><div class=\"sc_icons_columns_wrap sc_item_columns trx_addons_columns_wrap columns_padding_bottom columns_in_single_row\" ><div class=\"trx_addons_column-1_2\"><div class=\"sc_icons_item sc_icons_item_linked\"><div class=\"sc_icons_icon sc_icon_type_ icon-doc-text\" style=\"color: #B765A5\" ><span class=\"sc_icon_type_ icon-doc-text\" style=\"color: #B765A5\"><\/span><\/div><div class=\"sc_icons_item_details\"><h4 class=\"sc_icons_item_title\"><a href=\"https:\/\/fssj.es\/wp-content\/uploads\/2023\/02\/38-clausula-tractament-de-dades-sant-josep-igualada.pdf\">\n                                    38 Clausula Tratamiento de Datos CatSalut                                    <\/a><\/h4><a href=\"https:\/\/fssj.es\/wp-content\/uploads\/2023\/02\/38-clausula-tractament-de-dades-sant-josep-igualada.pdf\"\n                        class=\"sc_icons_item_link\">\n                        <\/a><\/div><\/div><\/div><div class=\"trx_addons_column-1_2\"><div class=\"sc_icons_item sc_icons_item_linked\"><div class=\"sc_icons_icon sc_icon_type_ icon-doc-text\" style=\"color: #B765A5\" ><span class=\"sc_icon_type_ icon-doc-text\" style=\"color: #B765A5\"><\/span><\/div><div class=\"sc_icons_item_details\"><h4 class=\"sc_icons_item_title\"><a href=\"https:\/\/fssj.es\/wp-content\/uploads\/2023\/02\/39-dma-receptes-sant-josep-igualada.pdf\">\n                                    39 DMA Recetas CatSalut                                    <\/a><\/h4><a href=\"https:\/\/fssj.es\/wp-content\/uploads\/2023\/02\/39-dma-receptes-sant-josep-igualada.pdf\"\n                        class=\"sc_icons_item_link\">\n                        <\/a><\/div><\/div><\/div><\/div><\/div><!-- \/.sc_icons -->\t\t\t\t<\/div>\n\t\t\t\t<\/div>\n\t\t\t\t<div class=\"elementor-element elementor-element-93b0200 sc_fly_static elementor-widget elementor-widget-spacer\" data-id=\"93b0200\" data-element_type=\"widget\" data-e-type=\"widget\" data-widget_type=\"spacer.default\">\n\t\t\t\t<div class=\"elementor-widget-container\">\n\t\t\t\t\t\t\t<div class=\"elementor-spacer\">\n\t\t\t<div class=\"elementor-spacer-inner\"><\/div>\n\t\t<\/div>\n\t\t\t\t\t\t<\/div>\n\t\t\t\t<\/div>\n\t\t\t\t<div class=\"elementor-element elementor-element-f172b89 sc_fly_static elementor-widget elementor-widget-trx_sc_icons\" data-id=\"f172b89\" data-element_type=\"widget\" data-e-type=\"widget\" data-widget_type=\"trx_sc_icons.default\">\n\t\t\t\t<div class=\"elementor-widget-container\">\n\t\t\t\t\t<div \tclass=\"sc_icons sc_icons_divider4 sc_icons_size_small sc_align_none\" ><div class=\"sc_icons_columns_wrap sc_item_columns trx_addons_columns_wrap columns_padding_bottom columns_in_single_row\" ><div class=\"trx_addons_column-1_2\"><div class=\"sc_icons_item sc_icons_item_linked\"><div class=\"sc_icons_icon sc_icon_type_ icon-doc-text\" style=\"color: #B765A5\" ><span class=\"sc_icon_type_ icon-doc-text\" style=\"color: #B765A5\"><\/span><\/div><div class=\"sc_icons_item_details\"><h4 class=\"sc_icons_item_title\"><a href=\"https:\/\/fssj.es\/wp-content\/uploads\/2023\/02\/clausula-piuc-2017-signada.pdf\">\n                                    Clausula PIUC 2017 CatSalut                                    <\/a><\/h4><a href=\"https:\/\/fssj.es\/wp-content\/uploads\/2023\/02\/clausula-piuc-2017-signada.pdf\"\n                        class=\"sc_icons_item_link\">\n                        <\/a><\/div><\/div><\/div><div class=\"trx_addons_column-1_2\"><div class=\"sc_icons_item\"><\/div><\/div><\/div><\/div><!-- \/.sc_icons -->\t\t\t\t<\/div>\n\t\t\t\t<\/div>\n\t\t\t\t<div class=\"elementor-element elementor-element-a8a5d8e sc_fly_static elementor-widget elementor-widget-spacer\" data-id=\"a8a5d8e\" data-element_type=\"widget\" data-e-type=\"widget\" data-widget_type=\"spacer.default\">\n\t\t\t\t<div class=\"elementor-widget-container\">\n\t\t\t\t\t\t\t<div class=\"elementor-spacer\">\n\t\t\t<div class=\"elementor-spacer-inner\"><\/div>\n\t\t<\/div>\n\t\t\t\t\t\t<\/div>\n\t\t\t\t<\/div>\n\t\t\t\t<div class=\"elementor-element elementor-element-03c56c2 sc_fly_static elementor-widget elementor-widget-trx_sc_title\" data-id=\"03c56c2\" data-element_type=\"widget\" data-e-type=\"widget\" data-widget_type=\"trx_sc_title.default\">\n\t\t\t\t<div class=\"elementor-widget-container\">\n\t\t\t\t\t<div\t\tclass=\"sc_title sc_title_default\" ><h5 class=\"sc_item_title sc_title_title sc_align_left sc_item_title_style_default sc_item_title_tag\"\n\t\t\t><span class=\"sc_item_title_text\">Memorias<\/span><\/h5><\/div>\t\t\t\t<\/div>\n\t\t\t\t<\/div>\n\t\t\t\t<div class=\"elementor-element elementor-element-108963b sc_height_small sc_fly_static elementor-widget elementor-widget-spacer\" data-id=\"108963b\" data-element_type=\"widget\" data-e-type=\"widget\" data-widget_type=\"spacer.default\">\n\t\t\t\t<div class=\"elementor-widget-container\">\n\t\t\t\t\t\t\t<div class=\"elementor-spacer\">\n\t\t\t<div class=\"elementor-spacer-inner\"><\/div>\n\t\t<\/div>\n\t\t\t\t\t\t<\/div>\n\t\t\t\t<\/div>\n\t\t\t\t<div class=\"elementor-element elementor-element-524d03c sc_fly_static elementor-widget elementor-widget-trx_sc_icons\" data-id=\"524d03c\" data-element_type=\"widget\" data-e-type=\"widget\" data-widget_type=\"trx_sc_icons.default\">\n\t\t\t\t<div class=\"elementor-widget-container\">\n\t\t\t\t\t<div \tclass=\"sc_icons sc_icons_divider4 sc_icons_size_small sc_align_none\" ><div class=\"sc_icons_columns_wrap sc_item_columns trx_addons_columns_wrap columns_padding_bottom columns_in_single_row\" ><div class=\"trx_addons_column-1_2\"><div class=\"sc_icons_item sc_icons_item_linked\"><div class=\"sc_icons_icon sc_icon_type_ icon-book-open\" style=\"color: #B765A5\" ><span class=\"sc_icon_type_ icon-book-open\" style=\"color: #B765A5\"><\/span><\/div><div class=\"sc_icons_item_details\"><h4 class=\"sc_icons_item_title\"><a href=\"https:\/\/fssj.es\/wp-content\/uploads\/2023\/02\/memoria-activitats-2016.pdf\">\n                                    Memoria Actividad 2016                                    <\/a><\/h4><a href=\"https:\/\/fssj.es\/wp-content\/uploads\/2023\/02\/memoria-activitats-2016.pdf\"\n                        class=\"sc_icons_item_link\">\n                        <\/a><\/div><\/div><\/div><div class=\"trx_addons_column-1_2\"><div class=\"sc_icons_item sc_icons_item_linked\"><div class=\"sc_icons_icon sc_icon_type_ icon-book-open\" style=\"color: #B765A5\" ><span class=\"sc_icon_type_ icon-book-open\" style=\"color: #B765A5\"><\/span><\/div><div class=\"sc_icons_item_details\"><h4 class=\"sc_icons_item_title\"><a href=\"https:\/\/fssj.es\/wp-content\/uploads\/2023\/02\/memoria-activitats-2017.pdf\">\n                                    Memoria Actividad 2017                                    <\/a><\/h4><a href=\"https:\/\/fssj.es\/wp-content\/uploads\/2023\/02\/memoria-activitats-2017.pdf\"\n                        class=\"sc_icons_item_link\">\n                        <\/a><\/div><\/div><\/div><\/div><\/div><!-- \/.sc_icons -->\t\t\t\t<\/div>\n\t\t\t\t<\/div>\n\t\t\t\t<div class=\"elementor-element elementor-element-1412871 sc_fly_static elementor-widget elementor-widget-spacer\" data-id=\"1412871\" data-element_type=\"widget\" data-e-type=\"widget\" data-widget_type=\"spacer.default\">\n\t\t\t\t<div class=\"elementor-widget-container\">\n\t\t\t\t\t\t\t<div class=\"elementor-spacer\">\n\t\t\t<div class=\"elementor-spacer-inner\"><\/div>\n\t\t<\/div>\n\t\t\t\t\t\t<\/div>\n\t\t\t\t<\/div>\n\t\t\t\t\t<\/div>\n\t\t<\/div>\n\t\t\t\t\t<\/div>\n\t\t<\/section>\n\t\t\t\t\t<\/div>\n\t\t<\/div>\n\t\t\t\t\t<\/div>\n\t\t<\/section>\n\t\t\t\t<\/div>\n\t\t","protected":false},"excerpt":{"rendered":"<p>Fundaci\u00f3 Sanitaria Sant Josep, con domicilio social en el municipio de Igualada, calle Carme Verdaguer 54, y NIF G61783106, es una entidad sin \u00e1nimo de lucro, constituida el 27 de&hellip;<\/p>\n","protected":false},"author":1,"featured_media":25635,"parent":0,"menu_order":0,"comment_status":"closed","ping_status":"closed","template":"","meta":{"footnotes":""},"class_list":["post-25857","page","type-page","status-publish","has-post-thumbnail","hentry"],"_links":{"self":[{"href":"https:\/\/fssj.es\/es\/wp-json\/wp\/v2\/pages\/25857","targetHints":{"allow":["GET"]}}],"collection":[{"href":"https:\/\/fssj.es\/es\/wp-json\/wp\/v2\/pages"}],"about":[{"href":"https:\/\/fssj.es\/es\/wp-json\/wp\/v2\/types\/page"}],"author":[{"embeddable":true,"href":"https:\/\/fssj.es\/es\/wp-json\/wp\/v2\/users\/1"}],"replies":[{"embeddable":true,"href":"https:\/\/fssj.es\/es\/wp-json\/wp\/v2\/comments?post=25857"}],"version-history":[{"count":3,"href":"https:\/\/fssj.es\/es\/wp-json\/wp\/v2\/pages\/25857\/revisions"}],"predecessor-version":[{"id":27208,"href":"https:\/\/fssj.es\/es\/wp-json\/wp\/v2\/pages\/25857\/revisions\/27208"}],"wp:featuredmedia":[{"embeddable":true,"href":"https:\/\/fssj.es\/es\/wp-json\/wp\/v2\/media\/25635"}],"wp:attachment":[{"href":"https:\/\/fssj.es\/es\/wp-json\/wp\/v2\/media?parent=25857"}],"curies":[{"name":"wp","href":"https:\/\/api.w.org\/{rel}","templated":true}]}}