{"id":25877,"date":"2023-02-08T15:20:04","date_gmt":"2023-02-08T15:20:04","guid":{"rendered":"https:\/\/fssj.es\/usuaris-i-familiars\/"},"modified":"2023-05-22T09:13:41","modified_gmt":"2023-05-22T09:13:41","slug":"usuaris-i-familiars","status":"publish","type":"page","link":"https:\/\/fssj.es\/es\/usuaris-i-familiars\/","title":{"rendered":"Usuarios Servicios Residenciales"},"content":{"rendered":"\t\t<div data-elementor-type=\"wp-page\" data-elementor-id=\"25877\" class=\"elementor elementor-25877 elementor-22733\" data-elementor-post-type=\"page\">\n\t\t\t\t\t\t<section class=\"elementor-section elementor-top-section elementor-element elementor-element-92629b2 elementor-section-boxed elementor-section-height-default elementor-section-height-default sc_fly_static\" data-id=\"92629b2\" data-element_type=\"section\" data-e-type=\"section\">\n\t\t\t\t\t\t<div class=\"elementor-container elementor-column-gap-extended\">\n\t\t\t\t\t<div class=\"elementor-column elementor-col-100 elementor-top-column elementor-element elementor-element-9d94ad6 sc_inner_width_none sc_content_align_inherit sc_layouts_column_icons_position_left sc_fly_static\" data-id=\"9d94ad6\" data-element_type=\"column\" data-e-type=\"column\">\n\t\t\t<div class=\"elementor-widget-wrap elementor-element-populated\">\n\t\t\t\t\t\t<div class=\"elementor-element elementor-element-38b6040 sc_height_huge sc_fly_static elementor-widget elementor-widget-spacer\" data-id=\"38b6040\" data-element_type=\"widget\" data-e-type=\"widget\" data-widget_type=\"spacer.default\">\n\t\t\t\t<div class=\"elementor-widget-container\">\n\t\t\t\t\t\t\t<div class=\"elementor-spacer\">\n\t\t\t<div class=\"elementor-spacer-inner\"><\/div>\n\t\t<\/div>\n\t\t\t\t\t\t<\/div>\n\t\t\t\t<\/div>\n\t\t\t\t\t<\/div>\n\t\t<\/div>\n\t\t\t\t\t<\/div>\n\t\t<\/section>\n\t\t\t\t<section class=\"elementor-section elementor-top-section elementor-element elementor-element-257e4a6 elementor-section-boxed elementor-section-height-default elementor-section-height-default sc_fly_static\" data-id=\"257e4a6\" data-element_type=\"section\" data-e-type=\"section\">\n\t\t\t\t\t\t<div class=\"elementor-container elementor-column-gap-wider\">\n\t\t\t\t\t<div class=\"elementor-column elementor-col-33 elementor-top-column elementor-element elementor-element-00f385a sc_inner_width_none sc_content_align_inherit sc_layouts_column_icons_position_left sc_fly_static\" data-id=\"00f385a\" data-element_type=\"column\" data-e-type=\"column\">\n\t\t\t<div class=\"elementor-widget-wrap elementor-element-populated\">\n\t\t\t\t\t\t<div class=\"elementor-element elementor-element-aab32e1 sc_fly_static elementor-widget elementor-widget-trx_sc_layouts_iconed_text\" data-id=\"aab32e1\" data-element_type=\"widget\" data-e-type=\"widget\" data-widget_type=\"trx_sc_layouts_iconed_text.default\">\n\t\t\t\t<div class=\"elementor-widget-container\">\n\t\t\t\t\t<div class=\"sc_layouts_iconed_text\" ><a href=\"https:\/\/fssj.es\/wp-content\/uploads\/2023\/02\/drets-i-deure-usuaris-residencials.pdf\" class=\"sc_layouts_item_link sc_layouts_iconed_text_link\"><span class=\"sc_layouts_item_icon sc_layouts_iconed_text_icon icon-file-pdf sc_icon_type_icons\"><\/span><span class=\"sc_layouts_item_details sc_layouts_iconed_text_details\"><span class=\"sc_layouts_item_details_line1 sc_layouts_iconed_text_line1\">Documento Drets dels usuaris de serveis residencials i di\u00fcrns<\/span><\/span><\/a><\/div>\t\t\t\t<\/div>\n\t\t\t\t<\/div>\n\t\t\t\t\t<\/div>\n\t\t<\/div>\n\t\t\t\t<div class=\"elementor-column elementor-col-66 elementor-top-column elementor-element elementor-element-bcf9ea0 sc_inner_width_none sc_content_align_inherit sc_layouts_column_icons_position_left sc_fly_static\" data-id=\"bcf9ea0\" data-element_type=\"column\" data-e-type=\"column\">\n\t\t\t<div class=\"elementor-widget-wrap elementor-element-populated\">\n\t\t\t\t\t\t<div class=\"elementor-element elementor-element-f0c2898 sc_fly_static elementor-widget elementor-widget-text-editor\" data-id=\"f0c2898\" data-element_type=\"widget\" data-e-type=\"widget\" data-widget_type=\"text-editor.default\">\n\t\t\t\t<div class=\"elementor-widget-container\">\n\t\t\t\t\t\t\t\t\t<h3 id=\"u12002-2\" class=\"Subtitols\">Derechos de los usuarios de servicios residenciales y diurnos<\/h3>\t\t\t\t\t\t\t\t<\/div>\n\t\t\t\t<\/div>\n\t\t\t\t\t<\/div>\n\t\t<\/div>\n\t\t\t\t\t<\/div>\n\t\t<\/section>\n\t\t\t\t<section class=\"elementor-section elementor-top-section elementor-element elementor-element-1150a98 elementor-section-boxed elementor-section-height-default elementor-section-height-default sc_fly_static\" data-id=\"1150a98\" data-element_type=\"section\" data-e-type=\"section\">\n\t\t\t\t\t\t<div class=\"elementor-container elementor-column-gap-wider\">\n\t\t\t\t\t<div class=\"elementor-column elementor-col-33 elementor-top-column elementor-element elementor-element-d172c6e sc_inner_width_none sc_content_align_inherit sc_layouts_column_icons_position_left sc_fly_static\" data-id=\"d172c6e\" data-element_type=\"column\" data-e-type=\"column\">\n\t\t\t<div class=\"elementor-widget-wrap elementor-element-populated\">\n\t\t\t\t\t\t<div class=\"elementor-element elementor-element-2ec4b50 sc_fly_static elementor-widget elementor-widget-image\" data-id=\"2ec4b50\" data-element_type=\"widget\" data-e-type=\"widget\" data-widget_type=\"image.default\">\n\t\t\t\t<div class=\"elementor-widget-container\">\n\t\t\t\t\t\t\t\t\t\t\t\t\t\t\t<img fetchpriority=\"high\" decoding=\"async\" width=\"500\" height=\"546\" src=\"https:\/\/fssj.es\/wp-content\/uploads\/2023\/02\/consells.jpg\" class=\"attachment-full size-full wp-image-22735\" alt=\"\" srcset=\"https:\/\/fssj.es\/wp-content\/uploads\/2023\/02\/consells.jpg 500w, https:\/\/fssj.es\/wp-content\/uploads\/2023\/02\/consells-275x300.jpg 275w, https:\/\/fssj.es\/wp-content\/uploads\/2023\/02\/consells-370x404.jpg 370w, https:\/\/fssj.es\/wp-content\/uploads\/2023\/02\/consells-410x448.jpg 410w\" sizes=\"(max-width: 600px) 100vw, 500px\" \/>\t\t\t\t\t\t\t\t\t\t\t\t\t\t\t<\/div>\n\t\t\t\t<\/div>\n\t\t\t\t\t<\/div>\n\t\t<\/div>\n\t\t\t\t<div class=\"elementor-column elementor-col-66 elementor-top-column elementor-element elementor-element-d26f79f sc_inner_width_none sc_content_align_inherit sc_layouts_column_icons_position_left sc_fly_static\" data-id=\"d26f79f\" data-element_type=\"column\" data-e-type=\"column\">\n\t\t\t<div class=\"elementor-widget-wrap elementor-element-populated\">\n\t\t\t\t\t\t<div class=\"elementor-element elementor-element-a8813d3 sc_fly_static elementor-widget elementor-widget-spacer\" data-id=\"a8813d3\" data-element_type=\"widget\" data-e-type=\"widget\" data-widget_type=\"spacer.default\">\n\t\t\t\t<div class=\"elementor-widget-container\">\n\t\t\t\t\t\t\t<div class=\"elementor-spacer\">\n\t\t\t<div class=\"elementor-spacer-inner\"><\/div>\n\t\t<\/div>\n\t\t\t\t\t\t<\/div>\n\t\t\t\t<\/div>\n\t\t\t\t<div class=\"elementor-element elementor-element-bee4cf1 sc_fly_static elementor-widget elementor-widget-text-editor\" data-id=\"bee4cf1\" data-element_type=\"widget\" data-e-type=\"widget\" data-widget_type=\"text-editor.default\">\n\t\t\t\t<div class=\"elementor-widget-container\">\n\t\t\t\t\t\t\t\t\t<ul><li id=\"u10917-5\" class=\"Estilo-de-p-rrafo\">Que se respete su dignidad, su bienestar y su autonom\u00eda e intimidad.<\/li><li id=\"u10917-7\" class=\"Estilo-de-p-rrafo\">La confidencialidad de los datos y de las informaciones que consten en sus expedientes.<\/li><li id=\"u10917-9\" class=\"Estilo-de-p-rrafo\">Recibir informaci\u00f3n previa con relaci\u00f3n a cualquier intervenci\u00f3n que los afecte a fin de que, si procede, puedan dar su consentimiento espec\u00edfico y libre.<\/li><li id=\"u10917-11\" class=\"Estilo-de-p-rrafo\">Acceder a sus expedientes individuales.<\/li><li id=\"u10917-13\" class=\"Estilo-de-p-rrafo\">Ejercer la libertad individual para ingresar y permanecer en el establecimiento y para salir, exceptuando las limitaciones establecidas por la legislaci\u00f3n vigente.<\/li><li id=\"u10917-15\" class=\"Estilo-de-p-rrafo\">Conocer el reglamento interno del servicio, y especialmente, sus derechos y deberes.<\/li><li id=\"u10917-17\" class=\"Estilo-de-p-rrafo\">Recibir una atenci\u00f3n personalizada.<\/li><li id=\"u10917-19\" class=\"Estilo-de-p-rrafo\">Acceder a la atenci\u00f3n social, sanitaria, farmac\u00e9utica, psicol\u00f3gica, educativa y cultural, en condiciones de igualdad respecto a la atenci\u00f3n que reciben los otros ciudadanos.<\/li><li id=\"u10917-23\" class=\"Estilo-de-p-rrafo\">Comunicar y recibir libremente informaci\u00f3n.<\/li><li id=\"u10917-25\" class=\"Estilo-de-p-rrafo\">Secreto de las comunicaciones.<\/li><li id=\"u10917-27\" class=\"Estilo-de-p-rrafo\">Presentar sugerencias, quejas y reclamaciones y recibir respuesta.<\/li><li id=\"u10917-29\" class=\"Estilo-de-p-rrafo\">Disfrutar de la intimidad y la privacidad en las acciones de la vida cotidiana.<\/li><li id=\"u10917-31\" class=\"Estilo-de-p-rrafo\">Considerar como domicilio el establecimiento Residencial donde viven y mantener la relaci\u00f3n con el entorno familiar, convivencial y social, respetando las formas de vida actuales.<\/li><li id=\"u10917-33\" class=\"Estilo-de-p-rrafo\">Participar en la toma de decisiones del centro que los afecten individualmente o colectivamente. Tener objetos personales significativos para personalizar el entorno donde viven.<\/li><li id=\"u10917-35\" class=\"Estilo-de-p-rrafo\">Ejercer libremente los derechos pol\u00edticos y la pr\u00e1ctica religiosa.<\/li><li id=\"u10917-37\" class=\"Estilo-de-p-rrafo\">Obtener facilidades para hacer la declaraci\u00f3n de voluntades anticipadas.<\/li><li id=\"u10917-39\" class=\"Estilo-de-p-rrafo\">Recibir de manera continuada la prestaci\u00f3n de los servicios.<\/li><li id=\"u10917-41\" class=\"Estilo-de-p-rrafo\">No ser sometidos a ning\u00fan tipo de inmovilizaci\u00f3n o restricci\u00f3n de la capacidad f\u00edsica o intelectual por medios mec\u00e1nicos o farmacol\u00f3gicos sin prescripci\u00f3n facultativa y supervisi\u00f3n, salvo que haya un peligro inminente para la seguridad f\u00edsica de los usuarios o de terceras personas.<\/li><li id=\"u10917-43\" class=\"Estilo-de-p-rrafo\">Conocer el coste de los servicios que reciben y, si procede, conocer la contraprestaci\u00f3n del usuario o usuaria.<\/li><\/ul><p><strong>El ejercicio de estos derechos tambi\u00e9n implica el respeto por el funcionamiento del servicio y su personal, as\u00ed como a la libertad de las otras personas.<\/strong><\/p>\t\t\t\t\t\t\t\t<\/div>\n\t\t\t\t<\/div>\n\t\t\t\t<div class=\"elementor-element elementor-element-2fab9b9 sc_height_huge sc_fly_static elementor-widget elementor-widget-spacer\" data-id=\"2fab9b9\" data-element_type=\"widget\" data-e-type=\"widget\" data-widget_type=\"spacer.default\">\n\t\t\t\t<div class=\"elementor-widget-container\">\n\t\t\t\t\t\t\t<div class=\"elementor-spacer\">\n\t\t\t<div class=\"elementor-spacer-inner\"><\/div>\n\t\t<\/div>\n\t\t\t\t\t\t<\/div>\n\t\t\t\t<\/div>\n\t\t\t\t\t<\/div>\n\t\t<\/div>\n\t\t\t\t\t<\/div>\n\t\t<\/section>\n\t\t\t\t<\/div>\n\t\t","protected":false},"excerpt":{"rendered":"<p>Documento Drets dels usuaris de serveis residencials i di\u00fcrns Derechos de los usuarios de servicios residenciales y diurnos Que se respete su dignidad, su bienestar y su autonom\u00eda e intimidad.&hellip;<\/p>\n","protected":false},"author":1,"featured_media":25636,"parent":0,"menu_order":0,"comment_status":"closed","ping_status":"closed","template":"","meta":{"footnotes":""},"class_list":["post-25877","page","type-page","status-publish","has-post-thumbnail","hentry"],"_links":{"self":[{"href":"https:\/\/fssj.es\/es\/wp-json\/wp\/v2\/pages\/25877","targetHints":{"allow":["GET"]}}],"collection":[{"href":"https:\/\/fssj.es\/es\/wp-json\/wp\/v2\/pages"}],"about":[{"href":"https:\/\/fssj.es\/es\/wp-json\/wp\/v2\/types\/page"}],"author":[{"embeddable":true,"href":"https:\/\/fssj.es\/es\/wp-json\/wp\/v2\/users\/1"}],"replies":[{"embeddable":true,"href":"https:\/\/fssj.es\/es\/wp-json\/wp\/v2\/comments?post=25877"}],"version-history":[{"count":0,"href":"https:\/\/fssj.es\/es\/wp-json\/wp\/v2\/pages\/25877\/revisions"}],"wp:featuredmedia":[{"embeddable":true,"href":"https:\/\/fssj.es\/es\/wp-json\/wp\/v2\/media\/25636"}],"wp:attachment":[{"href":"https:\/\/fssj.es\/es\/wp-json\/wp\/v2\/media?parent=25877"}],"curies":[{"name":"wp","href":"https:\/\/api.w.org\/{rel}","templated":true}]}}