{"id":25894,"date":"2023-02-08T14:45:59","date_gmt":"2023-02-08T14:45:59","guid":{"rendered":"https:\/\/fssj.es\/voluntats-anticipades\/"},"modified":"2023-06-21T07:17:39","modified_gmt":"2023-06-21T07:17:39","slug":"voluntats-anticipades","status":"publish","type":"page","link":"https:\/\/fssj.es\/es\/voluntats-anticipades\/","title":{"rendered":"Voluntades Anticipadas"},"content":{"rendered":"\t\t<div data-elementor-type=\"wp-page\" data-elementor-id=\"25894\" class=\"elementor elementor-25894 elementor-22655\" data-elementor-post-type=\"page\">\n\t\t\t\t\t\t<section class=\"elementor-section elementor-top-section elementor-element elementor-element-92629b2 elementor-section-boxed elementor-section-height-default elementor-section-height-default sc_fly_static\" data-id=\"92629b2\" data-element_type=\"section\" data-e-type=\"section\">\n\t\t\t\t\t\t<div class=\"elementor-container elementor-column-gap-extended\">\n\t\t\t\t\t<div class=\"elementor-column elementor-col-100 elementor-top-column elementor-element elementor-element-9d94ad6 sc_inner_width_none sc_content_align_inherit sc_layouts_column_icons_position_left sc_fly_static\" data-id=\"9d94ad6\" data-element_type=\"column\" data-e-type=\"column\">\n\t\t\t<div class=\"elementor-widget-wrap elementor-element-populated\">\n\t\t\t\t\t\t<div class=\"elementor-element elementor-element-38b6040 sc_height_huge sc_fly_static elementor-widget elementor-widget-spacer\" data-id=\"38b6040\" data-element_type=\"widget\" data-e-type=\"widget\" data-widget_type=\"spacer.default\">\n\t\t\t\t<div class=\"elementor-widget-container\">\n\t\t\t\t\t\t\t<div class=\"elementor-spacer\">\n\t\t\t<div class=\"elementor-spacer-inner\"><\/div>\n\t\t<\/div>\n\t\t\t\t\t\t<\/div>\n\t\t\t\t<\/div>\n\t\t\t\t\t<\/div>\n\t\t<\/div>\n\t\t\t\t\t<\/div>\n\t\t<\/section>\n\t\t\t\t<section class=\"elementor-section elementor-top-section elementor-element elementor-element-257e4a6 elementor-section-boxed elementor-section-height-default elementor-section-height-default sc_fly_static\" data-id=\"257e4a6\" data-element_type=\"section\" data-e-type=\"section\">\n\t\t\t\t\t\t<div class=\"elementor-container elementor-column-gap-wider\">\n\t\t\t\t\t<div class=\"elementor-column elementor-col-33 elementor-top-column elementor-element elementor-element-00f385a sc_inner_width_none sc_content_align_inherit sc_layouts_column_icons_position_left sc_fly_static\" data-id=\"00f385a\" data-element_type=\"column\" data-e-type=\"column\">\n\t\t\t<div class=\"elementor-widget-wrap elementor-element-populated\">\n\t\t\t\t\t\t<div class=\"elementor-element elementor-element-aab32e1 sc_fly_static elementor-widget elementor-widget-trx_sc_layouts_iconed_text\" data-id=\"aab32e1\" data-element_type=\"widget\" data-e-type=\"widget\" data-widget_type=\"trx_sc_layouts_iconed_text.default\">\n\t\t\t\t<div class=\"elementor-widget-container\">\n\t\t\t\t\t<div class=\"sc_layouts_iconed_text\" ><a href=\"https:\/\/fssj.es\/wp-content\/uploads\/2023\/02\/diptic_voluntats_anticipades.pdf\" class=\"sc_layouts_item_link sc_layouts_iconed_text_link\"><span class=\"sc_layouts_item_icon sc_layouts_iconed_text_icon icon-file-pdf sc_icon_type_icons\"><\/span><span class=\"sc_layouts_item_details sc_layouts_iconed_text_details\"><span class=\"sc_layouts_item_details_line1 sc_layouts_iconed_text_line1\">D\u00edptico Voluntats Anticipades DVA Generalitat<\/span><\/span><\/a><\/div>\t\t\t\t<\/div>\n\t\t\t\t<\/div>\n\t\t\t\t<div class=\"elementor-element elementor-element-c4a6bd9 sc_fly_static elementor-widget elementor-widget-spacer\" data-id=\"c4a6bd9\" data-element_type=\"widget\" data-e-type=\"widget\" data-widget_type=\"spacer.default\">\n\t\t\t\t<div class=\"elementor-widget-container\">\n\t\t\t\t\t\t\t<div class=\"elementor-spacer\">\n\t\t\t<div class=\"elementor-spacer-inner\"><\/div>\n\t\t<\/div>\n\t\t\t\t\t\t<\/div>\n\t\t\t\t<\/div>\n\t\t\t\t<div class=\"elementor-element elementor-element-3d161cd sc_fly_static elementor-widget elementor-widget-trx_sc_layouts_iconed_text\" data-id=\"3d161cd\" data-element_type=\"widget\" data-e-type=\"widget\" data-widget_type=\"trx_sc_layouts_iconed_text.default\">\n\t\t\t\t<div class=\"elementor-widget-container\">\n\t\t\t\t\t<div class=\"sc_layouts_iconed_text\" ><a href=\"https:\/\/fssj.es\/wp-content\/uploads\/2023\/02\/documentvoluntats.pdf\" class=\"sc_layouts_item_link sc_layouts_iconed_text_link\"><span class=\"sc_layouts_item_icon sc_layouts_iconed_text_icon icon-file-pdf sc_icon_type_icons\"><\/span><span class=\"sc_layouts_item_details sc_layouts_iconed_text_details\"><span class=\"sc_layouts_item_details_line1 sc_layouts_iconed_text_line1\">Documento Voluntats Anticipades DVA<\/span><\/span><\/a><\/div>\t\t\t\t<\/div>\n\t\t\t\t<\/div>\n\t\t\t\t\t<\/div>\n\t\t<\/div>\n\t\t\t\t<div class=\"elementor-column elementor-col-66 elementor-top-column elementor-element elementor-element-bcf9ea0 sc_inner_width_none sc_content_align_inherit sc_layouts_column_icons_position_left sc_fly_static\" data-id=\"bcf9ea0\" data-element_type=\"column\" data-e-type=\"column\">\n\t\t\t<div class=\"elementor-widget-wrap elementor-element-populated\">\n\t\t\t\t\t\t<div class=\"elementor-element elementor-element-f0c2898 sc_fly_static elementor-widget elementor-widget-text-editor\" data-id=\"f0c2898\" data-element_type=\"widget\" data-e-type=\"widget\" data-widget_type=\"text-editor.default\">\n\t\t\t\t<div class=\"elementor-widget-container\">\n\t\t\t\t\t\t\t\t\t<h3 id=\"u12002-2\" class=\"Subtitols\">\u00bfQu\u00e9 es?<\/h3><p id=\"u12002-4\" class=\"Estilo-de-p-rrafo\">El documento de voluntades anticipadas es el documento, dirigido al m\u00e9dico responsable, en el cual una persona mayor de edad, con capacidad suficiente y de manera libre, expresa las instrucciones a tener en cuenta cuando se encuentre en una situaci\u00f3n en que las circunstancias que concurran no le permitan de expresar personalmente su voluntad. En este documento, la persona puede tambi\u00e9n designar un representante, que es el interlocutor v\u00e1lido y necesario con el m\u00e9dico o el equipo sanitario, para que la sustituya en caso de que no pueda expresar su voluntad por ella misma. (Ley 21\/2000, art\u00edculo 8)<\/p><p id=\"u12002-6\" class=\"Estilo-de-p-rrafo\">Por lo tanto es una declaraci\u00f3n en que la persona explica por avanzado el tratamiento m\u00e9dico que quiere recibir en caso de que alg\u00fan d\u00eda una enfermedad la incapacite para expresarse.<\/p>\t\t\t\t\t\t\t\t<\/div>\n\t\t\t\t<\/div>\n\t\t\t\t<div class=\"elementor-element elementor-element-cdc1d1a sc_fly_static elementor-widget elementor-widget-spacer\" data-id=\"cdc1d1a\" data-element_type=\"widget\" data-e-type=\"widget\" data-widget_type=\"spacer.default\">\n\t\t\t\t<div class=\"elementor-widget-container\">\n\t\t\t\t\t\t\t<div class=\"elementor-spacer\">\n\t\t\t<div class=\"elementor-spacer-inner\"><\/div>\n\t\t<\/div>\n\t\t\t\t\t\t<\/div>\n\t\t\t\t<\/div>\n\t\t\t\t<div class=\"elementor-element elementor-element-6c52bd0 sc_fly_static elementor-widget elementor-widget-text-editor\" data-id=\"6c52bd0\" data-element_type=\"widget\" data-e-type=\"widget\" data-widget_type=\"text-editor.default\">\n\t\t\t\t<div class=\"elementor-widget-container\">\n\t\t\t\t\t\t\t\t\t<h3 id=\"u12002-8\" class=\"Subtitols\">Pasos a seguir para presentar el DVA<\/h3><ul><li id=\"u12002-10\" class=\"Estilo-de-p-rrafo\">Es muy recomendable asesorarnos previamente.<\/li><li id=\"u12002-12\" class=\"Estilo-de-p-rrafo\">Redactarlo.<\/li><li id=\"u12002-14\" class=\"Estilo-de-p-rrafo\">Validarlo (para garantizar la identidad, capacidad y conformidad del titular). Se puede validar ante notario, o con la firma de tres testigos mayores de edad, dos de los cuales no pueden tener relaci\u00f3n de parentesco ni patrimonial con el titular.<\/li><li id=\"u12002-16\" class=\"Estilo-de-p-rrafo\">Una vez validada llevarlo al m\u00e9dico de referencia.<\/li><\/ul>\t\t\t\t\t\t\t\t<\/div>\n\t\t\t\t<\/div>\n\t\t\t\t\t<\/div>\n\t\t<\/div>\n\t\t\t\t\t<\/div>\n\t\t<\/section>\n\t\t\t\t<section class=\"elementor-section elementor-top-section elementor-element elementor-element-1150a98 elementor-section-boxed elementor-section-height-default elementor-section-height-default sc_fly_static\" data-id=\"1150a98\" data-element_type=\"section\" data-e-type=\"section\">\n\t\t\t\t\t\t<div class=\"elementor-container elementor-column-gap-wider\">\n\t\t\t\t\t<div class=\"elementor-column elementor-col-33 elementor-top-column elementor-element elementor-element-d172c6e sc_inner_width_none sc_content_align_inherit sc_layouts_column_icons_position_left sc_fly_static\" data-id=\"d172c6e\" data-element_type=\"column\" data-e-type=\"column\">\n\t\t\t<div class=\"elementor-widget-wrap elementor-element-populated\">\n\t\t\t\t\t\t<div class=\"elementor-element elementor-element-2ec4b50 sc_fly_static elementor-widget elementor-widget-image\" data-id=\"2ec4b50\" data-element_type=\"widget\" data-e-type=\"widget\" data-widget_type=\"image.default\">\n\t\t\t\t<div class=\"elementor-widget-container\">\n\t\t\t\t\t\t\t\t\t\t\t\t\t\t\t<img fetchpriority=\"high\" decoding=\"async\" width=\"401\" height=\"586\" src=\"https:\/\/fssj.es\/wp-content\/uploads\/2023\/02\/dona-tacataca.jpg\" class=\"attachment-full size-full wp-image-22681\" alt=\"\" srcset=\"https:\/\/fssj.es\/wp-content\/uploads\/2023\/02\/dona-tacataca.jpg 401w, https:\/\/fssj.es\/wp-content\/uploads\/2023\/02\/dona-tacataca-205x300.jpg 205w, https:\/\/fssj.es\/wp-content\/uploads\/2023\/02\/dona-tacataca-370x541.jpg 370w\" sizes=\"(max-width: 600px) 100vw, 401px\" \/>\t\t\t\t\t\t\t\t\t\t\t\t\t\t\t<\/div>\n\t\t\t\t<\/div>\n\t\t\t\t\t<\/div>\n\t\t<\/div>\n\t\t\t\t<div class=\"elementor-column elementor-col-66 elementor-top-column elementor-element elementor-element-d26f79f sc_inner_width_none sc_content_align_inherit sc_layouts_column_icons_position_left sc_fly_static\" data-id=\"d26f79f\" data-element_type=\"column\" data-e-type=\"column\">\n\t\t\t<div class=\"elementor-widget-wrap elementor-element-populated\">\n\t\t\t\t\t\t<div class=\"elementor-element elementor-element-a8813d3 sc_fly_static elementor-widget elementor-widget-spacer\" data-id=\"a8813d3\" data-element_type=\"widget\" data-e-type=\"widget\" data-widget_type=\"spacer.default\">\n\t\t\t\t<div class=\"elementor-widget-container\">\n\t\t\t\t\t\t\t<div class=\"elementor-spacer\">\n\t\t\t<div class=\"elementor-spacer-inner\"><\/div>\n\t\t<\/div>\n\t\t\t\t\t\t<\/div>\n\t\t\t\t<\/div>\n\t\t\t\t<div class=\"elementor-element elementor-element-bee4cf1 sc_fly_static elementor-widget elementor-widget-text-editor\" data-id=\"bee4cf1\" data-element_type=\"widget\" data-e-type=\"widget\" data-widget_type=\"text-editor.default\">\n\t\t\t\t<div class=\"elementor-widget-container\">\n\t\t\t\t\t\t\t\t\t<h3 id=\"u12002-8\" class=\"Subtitols\">Qui\u00e9n puede ayudar a redactarlo<\/h3><p id=\"u12002-21\" class=\"Estilo-de-p-rrafo\">Es aconsejable que sea el m\u00e9dico de referencia del centro. Tambi\u00e9n lo puede ser el profesional de enfermer\u00eda u otras \u00e1reas del centro.<\/p><p id=\"u12002-26\" class=\"Estilo-de-p-rrafo\">No existe un formato fijo, encontrar\u00e9is un modelo elaborado por el Comit\u00e9 de Bio\u00e9tica de Catalu\u00f1a en la web <a class=\"nonblock\" href=\"http:\/\/www.gencat.net\/salut\">www.gencat.net\/salut<\/a><\/p><p id=\"u12002-28\" class=\"Estilo-de-p-rrafo\">Tambi\u00e9n pod\u00e9is encontrar m\u00e1s informaci\u00f3n en esta direcci\u00f3n electr\u00f3nica<\/p><p id=\"u12002-32\" class=\"Estilo-de-p-rrafo\"><a class=\"nonblock\" href=\"http:\/\/www.gencat.cat\/salut\/depsalut\/html\/ca\/dir1961\/index.html\">http:\/\/www.gencat.cat\/salut\/depsalut\/html\/ca\/dir1961\/index.html<\/a><\/p><p id=\"u12002-34\" class=\"Estilo-de-p-rrafo\">En nuestro centro la persona de referencia es la Directora de enfermer\u00eda, quien gustosamente le informar\u00e1 y asesorar\u00e1 sobre el tema.<\/p>\t\t\t\t\t\t\t\t<\/div>\n\t\t\t\t<\/div>\n\t\t\t\t<div class=\"elementor-element elementor-element-2fab9b9 sc_fly_static elementor-widget elementor-widget-spacer\" data-id=\"2fab9b9\" data-element_type=\"widget\" data-e-type=\"widget\" data-widget_type=\"spacer.default\">\n\t\t\t\t<div class=\"elementor-widget-container\">\n\t\t\t\t\t\t\t<div class=\"elementor-spacer\">\n\t\t\t<div class=\"elementor-spacer-inner\"><\/div>\n\t\t<\/div>\n\t\t\t\t\t\t<\/div>\n\t\t\t\t<\/div>\n\t\t\t\t<div class=\"elementor-element elementor-element-db86f6f sc_fly_static elementor-widget elementor-widget-text-editor\" data-id=\"db86f6f\" data-element_type=\"widget\" data-e-type=\"widget\" data-widget_type=\"text-editor.default\">\n\t\t\t\t<div class=\"elementor-widget-container\">\n\t\t\t\t\t\t\t\t\t<h3 id=\"u12002-8\" class=\"Subtitols\">\u00bfDonde lo tiene que llevar?<\/h3><p id=\"u12002-39\" class=\"Estilo-de-p-rrafo\"><strong><span id=\"u12002-37\">Si usted<\/span><\/strong> ya dispone del Documento de Voluntades Anticipadas, h\u00e1gaselo saber a su m\u00e9dico de referencia.<\/p><p id=\"u12002-42\" class=\"Estilo-de-p-rrafo\"><strong><span id=\"u12002-40\">Si usted<\/span><\/strong> tramita el Documento de Voluntades Anticipadas, una vez registrado h\u00e1gaselo saber a su m\u00e9dico de referencia.<\/p><p id=\"u12002-44\" class=\"Estilo-de-p-rrafo\">El DVA se adjuntar\u00e1 a la Historia Cl\u00ednica, respetando la confidencialidad de cada persona.<\/p>\t\t\t\t\t\t\t\t<\/div>\n\t\t\t\t<\/div>\n\t\t\t\t<div class=\"elementor-element elementor-element-06c30c6 sc_fly_static elementor-widget elementor-widget-spacer\" data-id=\"06c30c6\" data-element_type=\"widget\" data-e-type=\"widget\" data-widget_type=\"spacer.default\">\n\t\t\t\t<div class=\"elementor-widget-container\">\n\t\t\t\t\t\t\t<div class=\"elementor-spacer\">\n\t\t\t<div class=\"elementor-spacer-inner\"><\/div>\n\t\t<\/div>\n\t\t\t\t\t\t<\/div>\n\t\t\t\t<\/div>\n\t\t\t\t<div class=\"elementor-element elementor-element-9f0093e sc_fly_static elementor-widget elementor-widget-text-editor\" data-id=\"9f0093e\" data-element_type=\"widget\" data-e-type=\"widget\" data-widget_type=\"text-editor.default\">\n\t\t\t\t<div class=\"elementor-widget-container\">\n\t\t\t\t\t\t\t\t\t<h3 id=\"u12002-8\" class=\"Subtitols\">Si se quiere anular el DVA<\/h3><p>El DVA se puede modificar o anular en cualquier momento, por la propia persona.<\/p>\t\t\t\t\t\t\t\t<\/div>\n\t\t\t\t<\/div>\n\t\t\t\t<div class=\"elementor-element elementor-element-ac7d105 sc_height_huge sc_fly_static elementor-widget elementor-widget-spacer\" data-id=\"ac7d105\" data-element_type=\"widget\" data-e-type=\"widget\" data-widget_type=\"spacer.default\">\n\t\t\t\t<div class=\"elementor-widget-container\">\n\t\t\t\t\t\t\t<div class=\"elementor-spacer\">\n\t\t\t<div class=\"elementor-spacer-inner\"><\/div>\n\t\t<\/div>\n\t\t\t\t\t\t<\/div>\n\t\t\t\t<\/div>\n\t\t\t\t\t<\/div>\n\t\t<\/div>\n\t\t\t\t\t<\/div>\n\t\t<\/section>\n\t\t\t\t<\/div>\n\t\t","protected":false},"excerpt":{"rendered":"<p>D\u00edptico Voluntats Anticipades DVA Generalitat Documento Voluntats Anticipades DVA \u00bfQu\u00e9 es? El documento de voluntades anticipadas es el documento, dirigido al m\u00e9dico responsable, en el cual una persona mayor de&hellip;<\/p>\n","protected":false},"author":1,"featured_media":25635,"parent":0,"menu_order":0,"comment_status":"closed","ping_status":"closed","template":"","meta":{"footnotes":""},"class_list":["post-25894","page","type-page","status-publish","has-post-thumbnail","hentry"],"_links":{"self":[{"href":"https:\/\/fssj.es\/es\/wp-json\/wp\/v2\/pages\/25894","targetHints":{"allow":["GET"]}}],"collection":[{"href":"https:\/\/fssj.es\/es\/wp-json\/wp\/v2\/pages"}],"about":[{"href":"https:\/\/fssj.es\/es\/wp-json\/wp\/v2\/types\/page"}],"author":[{"embeddable":true,"href":"https:\/\/fssj.es\/es\/wp-json\/wp\/v2\/users\/1"}],"replies":[{"embeddable":true,"href":"https:\/\/fssj.es\/es\/wp-json\/wp\/v2\/comments?post=25894"}],"version-history":[{"count":0,"href":"https:\/\/fssj.es\/es\/wp-json\/wp\/v2\/pages\/25894\/revisions"}],"wp:featuredmedia":[{"embeddable":true,"href":"https:\/\/fssj.es\/es\/wp-json\/wp\/v2\/media\/25635"}],"wp:attachment":[{"href":"https:\/\/fssj.es\/es\/wp-json\/wp\/v2\/media?parent=25894"}],"curies":[{"name":"wp","href":"https:\/\/api.w.org\/{rel}","templated":true}]}}