{"id":25940,"date":"2023-02-08T15:25:19","date_gmt":"2023-02-08T15:25:19","guid":{"rendered":"https:\/\/fssj.es\/pacientes-atencion-sanitaria\/"},"modified":"2023-06-21T07:44:04","modified_gmt":"2023-06-21T07:44:04","slug":"pacientes-atencion-sanitaria","status":"publish","type":"page","link":"https:\/\/fssj.es\/es\/pacientes-atencion-sanitaria\/","title":{"rendered":"Pacientes Atenci\u00f3n Sanitaria"},"content":{"rendered":"\t\t<div data-elementor-type=\"wp-page\" data-elementor-id=\"25940\" class=\"elementor elementor-25940 elementor-22746\" data-elementor-post-type=\"page\">\n\t\t\t\t\t\t<section class=\"elementor-section elementor-top-section elementor-element elementor-element-92629b2 elementor-section-boxed elementor-section-height-default elementor-section-height-default sc_fly_static\" data-id=\"92629b2\" data-element_type=\"section\" data-e-type=\"section\">\n\t\t\t\t\t\t<div class=\"elementor-container elementor-column-gap-extended\">\n\t\t\t\t\t<div class=\"elementor-column elementor-col-100 elementor-top-column elementor-element elementor-element-9d94ad6 sc_inner_width_none sc_content_align_inherit sc_layouts_column_icons_position_left sc_fly_static\" data-id=\"9d94ad6\" data-element_type=\"column\" data-e-type=\"column\">\n\t\t\t<div class=\"elementor-widget-wrap elementor-element-populated\">\n\t\t\t\t\t\t<div class=\"elementor-element elementor-element-38b6040 sc_height_huge sc_fly_static elementor-widget elementor-widget-spacer\" data-id=\"38b6040\" data-element_type=\"widget\" data-e-type=\"widget\" data-widget_type=\"spacer.default\">\n\t\t\t\t<div class=\"elementor-widget-container\">\n\t\t\t\t\t\t\t<div class=\"elementor-spacer\">\n\t\t\t<div class=\"elementor-spacer-inner\"><\/div>\n\t\t<\/div>\n\t\t\t\t\t\t<\/div>\n\t\t\t\t<\/div>\n\t\t\t\t\t<\/div>\n\t\t<\/div>\n\t\t\t\t\t<\/div>\n\t\t<\/section>\n\t\t\t\t<section class=\"elementor-section elementor-top-section elementor-element elementor-element-257e4a6 elementor-section-boxed elementor-section-height-default elementor-section-height-default sc_fly_static\" data-id=\"257e4a6\" data-element_type=\"section\" data-e-type=\"section\">\n\t\t\t\t\t\t<div class=\"elementor-container elementor-column-gap-wider\">\n\t\t\t\t\t<div class=\"elementor-column elementor-col-33 elementor-top-column elementor-element elementor-element-00f385a sc_inner_width_none sc_content_align_inherit sc_layouts_column_icons_position_left sc_fly_static\" data-id=\"00f385a\" data-element_type=\"column\" data-e-type=\"column\">\n\t\t\t<div class=\"elementor-widget-wrap elementor-element-populated\">\n\t\t\t\t\t\t<div class=\"elementor-element elementor-element-b64e6f7 sc_fly_static elementor-widget elementor-widget-text-editor\" data-id=\"b64e6f7\" data-element_type=\"widget\" data-e-type=\"widget\" data-widget_type=\"text-editor.default\">\n\t\t\t\t<div class=\"elementor-widget-container\">\n\t\t\t\t\t\t\t\t\t<h3 id=\"u12002-2\" class=\"Subtitols\">Derechos<\/h3>\n\t\t\t\t\t\t\t\t<\/div>\n\t\t\t\t<\/div>\n\t\t\t\t\t<\/div>\n\t\t<\/div>\n\t\t\t\t<div class=\"elementor-column elementor-col-66 elementor-top-column elementor-element elementor-element-bcf9ea0 sc_inner_width_none sc_content_align_inherit sc_layouts_column_icons_position_left sc_fly_static\" data-id=\"bcf9ea0\" data-element_type=\"column\" data-e-type=\"column\">\n\t\t\t<div class=\"elementor-widget-wrap elementor-element-populated\">\n\t\t\t\t\t\t<div class=\"elementor-element elementor-element-f0c2898 sc_fly_static elementor-widget elementor-widget-text-editor\" data-id=\"f0c2898\" data-element_type=\"widget\" data-e-type=\"widget\" data-widget_type=\"text-editor.default\">\n\t\t\t\t<div class=\"elementor-widget-container\">\n\t\t\t\t\t\t\t\t\t<h3 id=\"u12002-2\" class=\"Subtitols\">Deberes<\/h3>\n\t\t\t\t\t\t\t\t<\/div>\n\t\t\t\t<\/div>\n\t\t\t\t\t<\/div>\n\t\t<\/div>\n\t\t\t\t\t<\/div>\n\t\t<\/section>\n\t\t\t\t<section class=\"elementor-section elementor-top-section elementor-element elementor-element-1150a98 elementor-section-boxed elementor-section-height-default elementor-section-height-default sc_fly_static\" data-id=\"1150a98\" data-element_type=\"section\" data-e-type=\"section\">\n\t\t\t\t\t\t<div class=\"elementor-container elementor-column-gap-wider\">\n\t\t\t\t\t<div class=\"elementor-column elementor-col-33 elementor-top-column elementor-element elementor-element-d172c6e sc_inner_width_none sc_content_align_inherit sc_layouts_column_icons_position_left sc_fly_static\" data-id=\"d172c6e\" data-element_type=\"column\" data-e-type=\"column\">\n\t\t\t<div class=\"elementor-widget-wrap elementor-element-populated\">\n\t\t\t\t\t\t<div class=\"elementor-element elementor-element-9fbdb94 sc_fly_static elementor-widget elementor-widget-spacer\" data-id=\"9fbdb94\" data-element_type=\"widget\" data-e-type=\"widget\" data-widget_type=\"spacer.default\">\n\t\t\t\t<div class=\"elementor-widget-container\">\n\t\t\t\t\t\t\t<div class=\"elementor-spacer\">\n\t\t\t<div class=\"elementor-spacer-inner\"><\/div>\n\t\t<\/div>\n\t\t\t\t\t\t<\/div>\n\t\t\t\t<\/div>\n\t\t\t\t<div class=\"elementor-element elementor-element-80ca3da sc_fly_static elementor-widget elementor-widget-text-editor\" data-id=\"80ca3da\" data-element_type=\"widget\" data-e-type=\"widget\" data-widget_type=\"text-editor.default\">\n\t\t\t\t<div class=\"elementor-widget-container\">\n\t\t\t\t\t\t\t\t\t<ol>\n<li id=\"u10529-4\" class=\"Estilo-de-p-rrafo\">Derechos relacionados con la igualdad y la no-discriminaci\u00f3n de las personas.<\/li>\n<li id=\"u10529-6\" class=\"Estilo-de-p-rrafo\">Derechos relacionados con la autonom\u00eda de la persona.<\/li>\n<li id=\"u10529-8\" class=\"Estilo-de-p-rrafo\">Derechos relacionados con la intimidad y la confidencialidad.<\/li>\n<li id=\"u10529-10\" class=\"Estilo-de-p-rrafo\">Derechos relacionados con la constituci\u00f3n gen\u00e9tica de la persona.<\/li>\n<li id=\"u10529-12\" class=\"Estilo-de-p-rrafo\">Derechos relacionados con la investigaci\u00f3n y la experimentaci\u00f3n cient\u00edficas.<\/li>\n<li id=\"u10529-14\" class=\"Estilo-de-p-rrafo\">Derechos relacionados con la prevenci\u00f3n de la enfermedad y la promoci\u00f3n y la protecci\u00f3n de la salud.<\/li>\n<li id=\"u10529-16\" class=\"Estilo-de-p-rrafo\">Derechos relacionados con la informaci\u00f3n asistencial y el acceso a la documentaci\u00f3n cl\u00ednica.<\/li>\n<li id=\"u10529-18\" class=\"Estilo-de-p-rrafo\">Derechos relacionados con el acceso a la atenci\u00f3n sanitaria.<\/li>\n<li id=\"u10529-20\" class=\"Estilo-de-p-rrafo\">Derechos relacionados con la informaci\u00f3n general sobre los servicios sanitarios y la participaci\u00f3n de los usuarios.<\/li>\n<li id=\"u10529-22\" class=\"Estilo-de-p-rrafo\">Derechos relacionados con la calidad asistencial.<\/li>\n<\/ol>\n\t\t\t\t\t\t\t\t<\/div>\n\t\t\t\t<\/div>\n\t\t\t\t<div class=\"elementor-element elementor-element-90ab2f5 sc_fly_static elementor-widget elementor-widget-spacer\" data-id=\"90ab2f5\" data-element_type=\"widget\" data-e-type=\"widget\" data-widget_type=\"spacer.default\">\n\t\t\t\t<div class=\"elementor-widget-container\">\n\t\t\t\t\t\t\t<div class=\"elementor-spacer\">\n\t\t\t<div class=\"elementor-spacer-inner\"><\/div>\n\t\t<\/div>\n\t\t\t\t\t\t<\/div>\n\t\t\t\t<\/div>\n\t\t\t\t<div class=\"elementor-element elementor-element-039b826 sc_fly_static elementor-widget elementor-widget-trx_sc_layouts_iconed_text\" data-id=\"039b826\" data-element_type=\"widget\" data-e-type=\"widget\" data-widget_type=\"trx_sc_layouts_iconed_text.default\">\n\t\t\t\t<div class=\"elementor-widget-container\">\n\t\t\t\t\t<div class=\"sc_layouts_iconed_text\" ><a href=\"https:\/\/fssj.es\/wp-content\/uploads\/2023\/02\/drets_i_deuresgeneralitat.pdf\" class=\"sc_layouts_item_link sc_layouts_iconed_text_link\"><span class=\"sc_layouts_item_icon sc_layouts_iconed_text_icon icon-file-pdf sc_icon_type_icons\"><\/span><span class=\"sc_layouts_item_details sc_layouts_iconed_text_details\"><span class=\"sc_layouts_item_details_line1 sc_layouts_iconed_text_line1\">Documento Drets i Deures del Pacient Atenci\u00f3 Sanit\u00e0ria<\/span><\/span><\/a><\/div>\t\t\t\t<\/div>\n\t\t\t\t<\/div>\n\t\t\t\t<div class=\"elementor-element elementor-element-22148a7 sc_fly_static elementor-widget elementor-widget-trx_sc_layouts_iconed_text\" data-id=\"22148a7\" data-element_type=\"widget\" data-e-type=\"widget\" data-widget_type=\"trx_sc_layouts_iconed_text.default\">\n\t\t\t\t<div class=\"elementor-widget-container\">\n\t\t\t\t\t<div class=\"sc_layouts_iconed_text\" ><a href=\"https:\/\/fssj.es\/wp-content\/uploads\/2023\/05\/drets-fullet-resum-vertical.pdf\" class=\"sc_layouts_item_link sc_layouts_iconed_text_link\"><span class=\"sc_layouts_item_icon sc_layouts_iconed_text_icon icon-file-pdf sc_icon_type_icons\"><\/span><span class=\"sc_layouts_item_details sc_layouts_iconed_text_details\"><span class=\"sc_layouts_item_details_line1 sc_layouts_iconed_text_line1\">Documento Drets i Deures de la Ciutadania en relaci\u00f3 amb la Salut i l&#039;Atenci\u00f3 Sanit\u00e0ria<\/span><\/span><\/a><\/div>\t\t\t\t<\/div>\n\t\t\t\t<\/div>\n\t\t\t\t<div class=\"elementor-element elementor-element-69cc565 sc_fly_static elementor-widget elementor-widget-spacer\" data-id=\"69cc565\" data-element_type=\"widget\" data-e-type=\"widget\" data-widget_type=\"spacer.default\">\n\t\t\t\t<div class=\"elementor-widget-container\">\n\t\t\t\t\t\t\t<div class=\"elementor-spacer\">\n\t\t\t<div class=\"elementor-spacer-inner\"><\/div>\n\t\t<\/div>\n\t\t\t\t\t\t<\/div>\n\t\t\t\t<\/div>\n\t\t\t\t<div class=\"elementor-element elementor-element-2ec4b50 sc_fly_static elementor-widget elementor-widget-image\" data-id=\"2ec4b50\" data-element_type=\"widget\" data-e-type=\"widget\" data-widget_type=\"image.default\">\n\t\t\t\t<div class=\"elementor-widget-container\">\n\t\t\t\t\t\t\t\t\t\t\t\t\t\t\t<img fetchpriority=\"high\" decoding=\"async\" width=\"400\" height=\"640\" src=\"https:\/\/fssj.es\/wp-content\/uploads\/2023\/02\/shutterstock_9720052.jpg\" class=\"attachment-full size-full wp-image-22748\" alt=\"\" srcset=\"https:\/\/fssj.es\/wp-content\/uploads\/2023\/02\/shutterstock_9720052.jpg 400w, https:\/\/fssj.es\/wp-content\/uploads\/2023\/02\/shutterstock_9720052-188x300.jpg 188w, https:\/\/fssj.es\/wp-content\/uploads\/2023\/02\/shutterstock_9720052-370x592.jpg 370w\" sizes=\"(max-width: 600px) 100vw, 400px\" \/>\t\t\t\t\t\t\t\t\t\t\t\t\t\t\t<\/div>\n\t\t\t\t<\/div>\n\t\t\t\t\t<\/div>\n\t\t<\/div>\n\t\t\t\t<div class=\"elementor-column elementor-col-66 elementor-top-column elementor-element elementor-element-d26f79f sc_inner_width_none sc_content_align_inherit sc_layouts_column_icons_position_left sc_fly_static\" data-id=\"d26f79f\" data-element_type=\"column\" data-e-type=\"column\">\n\t\t\t<div class=\"elementor-widget-wrap elementor-element-populated\">\n\t\t\t\t\t\t<div class=\"elementor-element elementor-element-a8813d3 sc_fly_static elementor-widget elementor-widget-spacer\" data-id=\"a8813d3\" data-element_type=\"widget\" data-e-type=\"widget\" data-widget_type=\"spacer.default\">\n\t\t\t\t<div class=\"elementor-widget-container\">\n\t\t\t\t\t\t\t<div class=\"elementor-spacer\">\n\t\t\t<div class=\"elementor-spacer-inner\"><\/div>\n\t\t<\/div>\n\t\t\t\t\t\t<\/div>\n\t\t\t\t<\/div>\n\t\t\t\t<div class=\"elementor-element elementor-element-bee4cf1 sc_fly_static elementor-widget elementor-widget-text-editor\" data-id=\"bee4cf1\" data-element_type=\"widget\" data-e-type=\"widget\" data-widget_type=\"text-editor.default\">\n\t\t\t\t<div class=\"elementor-widget-container\">\n\t\t\t\t\t\t\t\t\t<ol>\n<li id=\"u10522-5\" class=\"Estilo-de-p-rrafo\">Deber de cuidar de su salud y responsabilizarse. Este deber hay que exigirlo especialmente cuando se puedan derivar riesgos o perjuicios para la salud de otras personas.<\/li>\n<li id=\"u10522-7\" class=\"Estilo-de-p-rrafo\">Deber de hacer uso de los recursos, prestaciones y derechos de acuerdo con sus necesidades de salud y en funci\u00f3n de las disponibilidades del sistema sanitario, para facilitar el acceso de todos los ciudadanos a la atenci\u00f3n sanitaria en condiciones de igualdad efectiva.<\/li>\n<li id=\"u10522-9\" class=\"Estilo-de-p-rrafo\">Deber de cumplir las prescripciones generales, de naturaleza sanitaria, comunes en toda la poblaci\u00f3n, as\u00ed como las espec\u00edficas determinadas por los servicios sanitarios.<\/li>\n<li id=\"u10522-11\" class=\"Estilo-de-p-rrafo\">Deber de respetar y cumplir las medidas sanitarias adoptadas para la prevenci\u00f3n de riesgos, la protecci\u00f3n de la salud o la lucha contra las amenazas a la salud p\u00fablica, como por ejemplo el tabaco, el alcoholismo y los accidentes de tr\u00e1fico, o las enfermedades transmisibles susceptibles de ser prevenidas mediante vacunaciones u otras medidas preventivas, as\u00ed como colaborar en el logro de sus fines.<\/li>\n<li id=\"u10522-13\" class=\"Estilo-de-p-rrafo\">Deber de responsabilizarse del uso adecuado de las prestaciones sanitarias ofrecidas por el sistema sanitario, fundamentalmente las farmac\u00e9uticas, las complementarias, las de incapacidad laboral y las de car\u00e1cter social.<\/li>\n<li id=\"u10522-15\" class=\"Estilo-de-p-rrafo\">Deber de utilizar y disfrutar de manera responsable, de acuerdo con las normas correspondientes, de las instalaciones y los servicios sanitarios.<\/li>\n<li id=\"u10522-17\" class=\"Estilo-de-p-rrafo\"> Deber de mantener el respeto debido a las normas establecidas en cada centro, as\u00ed como a la dignidad personal y profesional de las personas que prestan sus servicios.<\/li>\n<li id=\"u10522-19\" class=\"Estilo-de-p-rrafo\">Deber de facilitar, de forma leal y cierta, los datos de identificaci\u00f3n y las referentes en su estado f\u00edsico, o su salud, que sean necesarias para el proceso asistencial o por razones de inter\u00e9s general debidamente motivadas.<\/li>\n<li id=\"u10522-21\" class=\"Estilo-de-p-rrafo\">Deber de firmar el documento pertinente, en el caso de negarse a las actuaciones sanitarias propuestas, especialmente en caso de pruebas diagn\u00f3sticas, actuaciones preventivas y tratamientos de especial relevancia para la salud del paciente. En este documento quedar\u00e1 expresado con claridad que el paciente ha quedado suficientemente informado de las situaciones que se pueden derivar y que rechaza los procedimientos sugeridos.<\/li>\n<li id=\"u10522-23\" class=\"Estilo-de-p-rrafo\">El enfermo tiene el deber de aceptar el alta una vez se ha acabado el proceso asistencial que el centro o la unidad le puede ofrecer. Si por diferentes razones existiera divergencia de criterio por parte del paciente, se agotar\u00e1n las v\u00edas de di\u00e1logo y tolerancia razonables hacia su opini\u00f3n y, siempre que la situaci\u00f3n lo requiera, el centro o la unidad tendr\u00e1 que hacer la busca de los recursos necesarios para una atenci\u00f3n adecuada.<\/li>\n<\/ol>\n\t\t\t\t\t\t\t\t<\/div>\n\t\t\t\t<\/div>\n\t\t\t\t<div class=\"elementor-element elementor-element-2fab9b9 sc_height_huge sc_fly_static elementor-widget elementor-widget-spacer\" data-id=\"2fab9b9\" data-element_type=\"widget\" data-e-type=\"widget\" data-widget_type=\"spacer.default\">\n\t\t\t\t<div class=\"elementor-widget-container\">\n\t\t\t\t\t\t\t<div class=\"elementor-spacer\">\n\t\t\t<div class=\"elementor-spacer-inner\"><\/div>\n\t\t<\/div>\n\t\t\t\t\t\t<\/div>\n\t\t\t\t<\/div>\n\t\t\t\t\t<\/div>\n\t\t<\/div>\n\t\t\t\t\t<\/div>\n\t\t<\/section>\n\t\t\t\t<section class=\"elementor-section elementor-top-section elementor-element elementor-element-0bd8c30 elementor-section-boxed elementor-section-height-default elementor-section-height-default sc_fly_static\" data-id=\"0bd8c30\" data-element_type=\"section\" data-e-type=\"section\">\n\t\t\t\t\t\t<div class=\"elementor-container elementor-column-gap-extended\">\n\t\t\t\t\t<div class=\"elementor-column elementor-col-100 elementor-top-column elementor-element elementor-element-417a8ce sc_inner_width_none sc_content_align_inherit sc_layouts_column_icons_position_left sc_fly_static\" data-id=\"417a8ce\" data-element_type=\"column\" data-e-type=\"column\">\n\t\t\t<div class=\"elementor-widget-wrap elementor-element-populated\">\n\t\t\t\t\t\t<div class=\"elementor-element elementor-element-32de9aa elementor-view-default sc_fly_static elementor-widget elementor-widget-icon\" data-id=\"32de9aa\" data-element_type=\"widget\" data-e-type=\"widget\" data-widget_type=\"icon.default\">\n\t\t\t\t<div class=\"elementor-widget-container\">\n\t\t\t\t\t\t\t<div class=\"elementor-icon-wrapper\">\n\t\t\t<div class=\"elementor-icon\">\n\t\t\t<i aria-hidden=\"true\" class=\"fas fa-star\"><\/i>\t\t\t<\/div>\n\t\t<\/div>\n\t\t\t\t\t\t<\/div>\n\t\t\t\t<\/div>\n\t\t\t\t\t<\/div>\n\t\t<\/div>\n\t\t\t\t\t<\/div>\n\t\t<\/section>\n\t\t\t\t<\/div>\n\t\t","protected":false},"excerpt":{"rendered":"<p>Derechos Deberes Derechos relacionados con la igualdad y la no-discriminaci\u00f3n de las personas. Derechos relacionados con la autonom\u00eda de la persona. Derechos relacionados con la intimidad y la confidencialidad. Derechos&hellip;<\/p>\n","protected":false},"author":1,"featured_media":0,"parent":0,"menu_order":0,"comment_status":"closed","ping_status":"closed","template":"","meta":{"footnotes":""},"class_list":["post-25940","page","type-page","status-publish","hentry"],"_links":{"self":[{"href":"https:\/\/fssj.es\/es\/wp-json\/wp\/v2\/pages\/25940","targetHints":{"allow":["GET"]}}],"collection":[{"href":"https:\/\/fssj.es\/es\/wp-json\/wp\/v2\/pages"}],"about":[{"href":"https:\/\/fssj.es\/es\/wp-json\/wp\/v2\/types\/page"}],"author":[{"embeddable":true,"href":"https:\/\/fssj.es\/es\/wp-json\/wp\/v2\/users\/1"}],"replies":[{"embeddable":true,"href":"https:\/\/fssj.es\/es\/wp-json\/wp\/v2\/comments?post=25940"}],"version-history":[{"count":0,"href":"https:\/\/fssj.es\/es\/wp-json\/wp\/v2\/pages\/25940\/revisions"}],"wp:attachment":[{"href":"https:\/\/fssj.es\/es\/wp-json\/wp\/v2\/media?parent=25940"}],"curies":[{"name":"wp","href":"https:\/\/api.w.org\/{rel}","templated":true}]}}