{"id":25948,"date":"2020-12-27T10:34:11","date_gmt":"2020-12-27T10:34:11","guid":{"rendered":"https:\/\/fssj.es\/servicios\/"},"modified":"2023-06-26T07:43:37","modified_gmt":"2023-06-26T07:43:37","slug":"servicios","status":"publish","type":"page","link":"https:\/\/fssj.es\/es\/servicios\/","title":{"rendered":"Servicios"},"content":{"rendered":"\t\t<div data-elementor-type=\"wp-page\" data-elementor-id=\"25948\" class=\"elementor elementor-25948 elementor-3927\" data-elementor-post-type=\"page\">\n\t\t\t\t\t\t<section class=\"elementor-section elementor-top-section elementor-element elementor-element-c08dc7d scheme_default elementor-section-boxed elementor-section-height-default elementor-section-height-default sc_fly_static\" data-id=\"c08dc7d\" data-element_type=\"section\" data-e-type=\"section\" data-settings=\"{&quot;background_background&quot;:&quot;classic&quot;}\">\n\t\t\t\t\t\t<div class=\"elementor-container elementor-column-gap-extended\">\n\t\t\t\t\t<div class=\"elementor-column elementor-col-100 elementor-top-column elementor-element elementor-element-a71a1a4 sc_inner_width_none sc_content_align_inherit sc_layouts_column_icons_position_left sc_fly_static\" data-id=\"a71a1a4\" data-element_type=\"column\" data-e-type=\"column\">\n\t\t\t<div class=\"elementor-widget-wrap elementor-element-populated\">\n\t\t\t\t\t\t<div class=\"elementor-element elementor-element-1f04f04 sc_height_huge sc_fly_static elementor-widget elementor-widget-spacer\" data-id=\"1f04f04\" data-element_type=\"widget\" data-e-type=\"widget\" data-widget_type=\"spacer.default\">\n\t\t\t\t<div class=\"elementor-widget-container\">\n\t\t\t\t\t\t\t<div class=\"elementor-spacer\">\n\t\t\t<div class=\"elementor-spacer-inner\"><\/div>\n\t\t<\/div>\n\t\t\t\t\t\t<\/div>\n\t\t\t\t<\/div>\n\t\t\t\t<section class=\"elementor-section elementor-inner-section elementor-element elementor-element-78da2d7 elementor-section-boxed elementor-section-height-default elementor-section-height-default sc_fly_static\" data-id=\"78da2d7\" data-element_type=\"section\" data-e-type=\"section\">\n\t\t\t\t\t\t<div class=\"elementor-container elementor-column-gap-no\">\n\t\t\t\t\t<div class=\"elementor-column elementor-col-33 elementor-inner-column elementor-element elementor-element-9337ca9 sc_inner_width_none sc_content_align_inherit sc_layouts_column_icons_position_left sc_fly_static\" data-id=\"9337ca9\" data-element_type=\"column\" data-e-type=\"column\">\n\t\t\t<div class=\"elementor-widget-wrap elementor-element-populated\">\n\t\t\t\t\t\t<div class=\"elementor-element elementor-element-cf715cf sc_fly_static elementor-widget elementor-widget-trx_sc_title\" data-id=\"cf715cf\" data-element_type=\"widget\" data-e-type=\"widget\" data-widget_type=\"trx_sc_title.default\">\n\t\t\t\t<div class=\"elementor-widget-container\">\n\t\t\t\t\t<div\t\tclass=\"sc_title sc_title_accent\" ><span class=\"sc_item_subtitle sc_title_subtitle sc_item_subtitle_above sc_item_title_style_accent\">QU\u00c9 HACEMOS<\/span><h1 class=\"sc_item_title sc_title_title sc_item_title_style_accent sc_item_title_tag\"\n\t\t\t><span class=\"sc_item_title_text\">Servicios m\u00e9dicos y asistenciales<\/span><\/h1><\/div>\t\t\t\t<\/div>\n\t\t\t\t<\/div>\n\t\t\t\t\t<\/div>\n\t\t<\/div>\n\t\t\t\t<div class=\"elementor-column elementor-col-33 elementor-inner-column elementor-element elementor-element-2a92f3b sc_inner_width_none sc_content_align_inherit sc_layouts_column_icons_position_left sc_fly_static\" data-id=\"2a92f3b\" data-element_type=\"column\" data-e-type=\"column\">\n\t\t\t<div class=\"elementor-widget-wrap elementor-element-populated\">\n\t\t\t\t\t\t<div class=\"elementor-element elementor-element-173b101 sc_fly_static elementor-widget elementor-widget-spacer\" data-id=\"173b101\" data-element_type=\"widget\" data-e-type=\"widget\" data-widget_type=\"spacer.default\">\n\t\t\t\t<div class=\"elementor-widget-container\">\n\t\t\t\t\t\t\t<div class=\"elementor-spacer\">\n\t\t\t<div class=\"elementor-spacer-inner\"><\/div>\n\t\t<\/div>\n\t\t\t\t\t\t<\/div>\n\t\t\t\t<\/div>\n\t\t\t\t<div class=\"elementor-element elementor-element-39d81f5 sc_fly_static elementor-widget elementor-widget-text-editor\" data-id=\"39d81f5\" data-element_type=\"widget\" data-e-type=\"widget\" data-widget_type=\"text-editor.default\">\n\t\t\t\t<div class=\"elementor-widget-container\">\n\t\t\t\t\t\t\t\t\t<p>Dicta sunt explicabo. Nemo enim ipsam voluptatem quia voluptas sit aspernaturaut odit aut fugit, sed quia consequuntur. Dicta sunt explicabo. Nemo enim ipsam voluptatem quia voluptas.<\/p>\n\t\t\t\t\t\t\t\t<\/div>\n\t\t\t\t<\/div>\n\t\t\t\t\t<\/div>\n\t\t<\/div>\n\t\t\t\t<div class=\"elementor-column elementor-col-33 elementor-inner-column elementor-element elementor-element-1a2e4ce sc_inner_width_none sc_content_align_inherit sc_layouts_column_icons_position_left sc_fly_static\" data-id=\"1a2e4ce\" data-element_type=\"column\" data-e-type=\"column\">\n\t\t\t<div class=\"elementor-widget-wrap elementor-element-populated\">\n\t\t\t\t\t\t<div class=\"elementor-element elementor-element-b23589b sc_fly_static elementor-widget elementor-widget-spacer\" data-id=\"b23589b\" data-element_type=\"widget\" data-e-type=\"widget\" data-widget_type=\"spacer.default\">\n\t\t\t\t<div class=\"elementor-widget-container\">\n\t\t\t\t\t\t\t<div class=\"elementor-spacer\">\n\t\t\t<div class=\"elementor-spacer-inner\"><\/div>\n\t\t<\/div>\n\t\t\t\t\t\t<\/div>\n\t\t\t\t<\/div>\n\t\t\t\t\t<\/div>\n\t\t<\/div>\n\t\t\t\t\t<\/div>\n\t\t<\/section>\n\t\t\t\t<div class=\"elementor-element elementor-element-f571285 sc_height_large sc_fly_static elementor-widget elementor-widget-spacer\" data-id=\"f571285\" data-element_type=\"widget\" data-e-type=\"widget\" data-widget_type=\"spacer.default\">\n\t\t\t\t<div class=\"elementor-widget-container\">\n\t\t\t\t\t\t\t<div class=\"elementor-spacer\">\n\t\t\t<div class=\"elementor-spacer-inner\"><\/div>\n\t\t<\/div>\n\t\t\t\t\t\t<\/div>\n\t\t\t\t<\/div>\n\t\t\t\t\t<\/div>\n\t\t<\/div>\n\t\t\t\t\t<\/div>\n\t\t<\/section>\n\t\t\t\t<section class=\"elementor-section elementor-top-section elementor-element elementor-element-8be85ec scheme_default elementor-section-boxed elementor-section-height-default elementor-section-height-default sc_fly_static\" data-id=\"8be85ec\" data-element_type=\"section\" data-e-type=\"section\" data-settings=\"{&quot;background_background&quot;:&quot;classic&quot;}\">\n\t\t\t\t\t\t<div class=\"elementor-container elementor-column-gap-extended\">\n\t\t\t\t\t<div class=\"elementor-column elementor-col-100 elementor-top-column elementor-element elementor-element-155840f sc_inner_width_none sc_content_align_inherit sc_layouts_column_icons_position_left sc_fly_static\" data-id=\"155840f\" data-element_type=\"column\" data-e-type=\"column\">\n\t\t\t<div class=\"elementor-widget-wrap elementor-element-populated\">\n\t\t\t\t\t\t<section class=\"elementor-section elementor-inner-section elementor-element elementor-element-983de16 elementor-section-boxed elementor-section-height-default elementor-section-height-default sc_fly_static\" data-id=\"983de16\" data-element_type=\"section\" data-e-type=\"section\">\n\t\t\t\t\t\t<div class=\"elementor-container elementor-column-gap-no\">\n\t\t\t\t\t<div class=\"elementor-column elementor-col-100 elementor-inner-column elementor-element elementor-element-4406f76 sc_extra_bg_extra_left sc_inner_width_none sc_content_align_inherit sc_layouts_column_icons_position_left sc_fly_static\" data-id=\"4406f76\" data-element_type=\"column\" data-e-type=\"column\" data-settings=\"{&quot;background_background&quot;:&quot;classic&quot;}\">\n\t\t\t<div class=\"elementor-widget-wrap elementor-element-populated\">\n\t\t\t\t\t\t<div class=\"elementor-element elementor-element-8657121 sc_height_large sc_fly_static elementor-widget elementor-widget-spacer\" data-id=\"8657121\" data-element_type=\"widget\" data-e-type=\"widget\" data-widget_type=\"spacer.default\">\n\t\t\t\t<div class=\"elementor-widget-container\">\n\t\t\t\t\t\t\t<div class=\"elementor-spacer\">\n\t\t\t<div class=\"elementor-spacer-inner\"><\/div>\n\t\t<\/div>\n\t\t\t\t\t\t<\/div>\n\t\t\t\t<\/div>\n\t\t\t\t<div class=\"elementor-element elementor-element-7b3ec42 sc_fly_static elementor-widget elementor-widget-trx_sc_services\" data-id=\"7b3ec42\" data-element_type=\"widget\" data-e-type=\"widget\" data-widget_type=\"trx_sc_services.default\">\n\t\t\t\t<div class=\"elementor-widget-container\">\n\t\t\t\t\t<div class=\"sc_services sc_services_accent sc_services_featured_top\"><div class=\"sc_services_columns_wrap sc_item_columns sc_item_posts_container sc_item_columns_3 trx_addons_columns_wrap columns_padding_bottom\"><div class=\"trx_addons_column-1_3 trx_addons_column-1_2-tablet\"><div data-post-id=\"25775\" class=\"sc_services_item sc_item_container post_container with_content with_pictogram sc_services_item_featured_top post-25775 cpt_services type-cpt_services status-publish has-post-thumbnail hentry cpt_services_group-edifici-central-fundacio cpt_services_group-edifici-central-fundacio-es\" data-item-number=\"1\"\n>\n\t<a href=\"https:\/\/fssj.es\/es\/services\/unitats-dhospitalitzacio\/\" class=\"sc_services_item_pictogram\"><img fetchpriority=\"high\" decoding=\"async\" src=\"https:\/\/fssj.es\/wp-content\/uploads\/2022\/02\/Mesa-de-trabajo-1@2x.png\" alt=\"Icon\" width=\"246\" height=\"246\"><\/a>\t\n\t<div class=\"sc_services_item_info\">\n\t\t\t\t<div class=\"sc_services_item_header\">\n\t\t\t\t\t\t<h4 class=\"sc_services_item_title entry-title\"><a href=\"https:\/\/fssj.es\/es\/services\/unitats-dhospitalitzacio\/\">Unidades de Hospitalizaci\u00f3n<\/a><\/h4>\n            \t\t<\/div>\n\t\t                    <div class=\"sc_services_item_content\"><p>Unidades de atenci\u00f3n geri\u00e1trica y sociosanitaria para personas con enfermedad cr\u00f3nica que necesitan curas continuas tanto m\u00e9dicas como de enfermer\u00eda, personas con gran dependencia y \/ o problem\u00e1tica familiar. Tambi\u00e9n&hellip;<\/p>\n<\/div><div class=\"sc_services_item_button sc_item_button\">\n            <a href=\"https:\/\/fssj.es\/es\/services\/unitats-dhospitalitzacio\/\" class=\"sc_services_item_more_link\">\n                <span class=\"link_text\">Ver servicio<\/span><span class=\"link_icon\"><\/span>\n            <\/a>\n            <\/div><\/div><a class=\"sc_services_item_link\" href=\"https:\/\/fssj.es\/es\/services\/unitats-dhospitalitzacio\/\"><\/a><\/div>\n<\/div><div class=\"trx_addons_column-1_3 trx_addons_column-1_2-tablet\"><div data-post-id=\"25780\" class=\"sc_services_item sc_item_container post_container with_content with_pictogram sc_services_item_featured_top post-25780 cpt_services type-cpt_services status-publish has-post-thumbnail hentry cpt_services_group-llar-verdaguer-es cpt_services_group-llar-verdaguer\" data-item-number=\"2\"\n>\n\t<a href=\"https:\/\/fssj.es\/es\/services\/hospital-de-dia\/\" class=\"sc_services_item_pictogram\"><img decoding=\"async\" src=\"https:\/\/fssj.es\/wp-content\/uploads\/2022\/02\/Mesa-de-trabajo-1-copia@2x-1.png\" alt=\"Icon\" width=\"246\" height=\"246\"><\/a>\t\n\t<div class=\"sc_services_item_info\">\n\t\t\t\t<div class=\"sc_services_item_header\">\n\t\t\t\t\t\t<h4 class=\"sc_services_item_title entry-title\"><a href=\"https:\/\/fssj.es\/es\/services\/hospital-de-dia\/\">Hospital de D\u00eda<\/a><\/h4>\n            \t\t<\/div>\n\t\t                    <div class=\"sc_services_item_content\"><p>El hospital de d\u00eda rehabilitador de la Fundaci\u00f3n Sanitaria Sant Josep es un recurso de atenci\u00f3n diurna que da servicio especializado con una atenci\u00f3n integral a trav\u00e9s de una amplia&hellip;<\/p>\n<\/div><div class=\"sc_services_item_button sc_item_button\">\n            <a href=\"https:\/\/fssj.es\/es\/services\/hospital-de-dia\/\" class=\"sc_services_item_more_link\">\n                <span class=\"link_text\">Ver servicio<\/span><span class=\"link_icon\"><\/span>\n            <\/a>\n            <\/div><\/div><a class=\"sc_services_item_link\" href=\"https:\/\/fssj.es\/es\/services\/hospital-de-dia\/\"><\/a><\/div>\n<\/div><div class=\"trx_addons_column-1_3 trx_addons_column-1_2-tablet\"><div data-post-id=\"25785\" class=\"sc_services_item sc_item_container post_container with_content with_pictogram sc_services_item_featured_top post-25785 cpt_services type-cpt_services status-publish has-post-thumbnail hentry cpt_services_group-llar-verdaguer-es\" data-item-number=\"3\"\n>\n\t<a href=\"https:\/\/fssj.es\/es\/services\/llar-verdaguer\/\" class=\"sc_services_item_pictogram\"><img decoding=\"async\" src=\"https:\/\/fssj.es\/wp-content\/uploads\/2022\/02\/Mesa-de-trabajo-1-copia-2@2x.png\" alt=\"Icon\" width=\"246\" height=\"246\"><\/a>\t\n\t<div class=\"sc_services_item_info\">\n\t\t\t\t<div class=\"sc_services_item_header\">\n\t\t\t\t\t\t<h4 class=\"sc_services_item_title entry-title\"><a href=\"https:\/\/fssj.es\/es\/services\/llar-verdaguer\/\">Llar Verdaguer<\/a><\/h4>\n            \t\t<\/div>\n\t\t                    <div class=\"sc_services_item_content\"><p>La llar resid\u00e8ncia Verdaguer \u00e9s un establiment d\u2019atenci\u00f3 permanent on persones amb malaltia mental de llarga evoluci\u00f3 poden viure i rebre el suport d\u2019un equip de professionals. Servei d&#8217;establiment d&#8217;atenci\u00f3&hellip;<\/p>\n<\/div><div class=\"sc_services_item_button sc_item_button\">\n            <a href=\"https:\/\/fssj.es\/es\/services\/llar-verdaguer\/\" class=\"sc_services_item_more_link\">\n                <span class=\"link_text\">Ver servicio<\/span><span class=\"link_icon\"><\/span>\n            <\/a>\n            <\/div><\/div><a class=\"sc_services_item_link\" href=\"https:\/\/fssj.es\/es\/services\/llar-verdaguer\/\"><\/a><\/div>\n<\/div><div class=\"trx_addons_column-1_3 trx_addons_column-1_2-tablet\"><div data-post-id=\"25792\" class=\"sc_services_item sc_item_container post_container with_content with_pictogram sc_services_item_featured_top post-25792 cpt_services type-cpt_services status-publish has-post-thumbnail hentry cpt_services_group-edifici-central-fundacio-es\" data-item-number=\"4\"\n>\n\t<a href=\"https:\/\/fssj.es\/es\/services\/sant-josep-residencial\/\" class=\"sc_services_item_pictogram\"><img loading=\"lazy\" decoding=\"async\" src=\"https:\/\/fssj.es\/wp-content\/uploads\/2022\/02\/Mesa-de-trabajo-1-copia-3@2x.png\" alt=\"Icon\" width=\"246\" height=\"246\"><\/a>\t\n\t<div class=\"sc_services_item_info\">\n\t\t\t\t<div class=\"sc_services_item_header\">\n\t\t\t\t\t\t<h4 class=\"sc_services_item_title entry-title\"><a href=\"https:\/\/fssj.es\/es\/services\/sant-josep-residencial\/\">Sant Josep Residencial<\/a><\/h4>\n            \t\t<\/div>\n\t\t                    <div class=\"sc_services_item_content\"><p>Servicio de acogida Residencial, con car\u00e1cter permanente o temporal, y de asistencia integral, dirigido a personas grandes que no tienen un grado de autonom\u00eda suficiente para realizar las actividades de&hellip;<\/p>\n<\/div><div class=\"sc_services_item_button sc_item_button\">\n            <a href=\"https:\/\/fssj.es\/es\/services\/sant-josep-residencial\/\" class=\"sc_services_item_more_link\">\n                <span class=\"link_text\">Ver servicio<\/span><span class=\"link_icon\"><\/span>\n            <\/a>\n            <\/div><\/div><a class=\"sc_services_item_link\" href=\"https:\/\/fssj.es\/es\/services\/sant-josep-residencial\/\"><\/a><\/div>\n<\/div><div class=\"trx_addons_column-1_3 trx_addons_column-1_2-tablet\"><div data-post-id=\"25802\" class=\"sc_services_item sc_item_container post_container with_content with_pictogram sc_services_item_featured_top post-25802 cpt_services type-cpt_services status-publish has-post-thumbnail hentry cpt_services_group-edifici-central-fundacio-es\" data-item-number=\"5\"\n>\n\t<a href=\"https:\/\/fssj.es\/es\/services\/servei-de-fisioterapia\/\" class=\"sc_services_item_pictogram\"><img loading=\"lazy\" decoding=\"async\" src=\"https:\/\/fssj.es\/wp-content\/uploads\/2022\/02\/Mesa-de-trabajo-1-copia-4@2x.png\" alt=\"Icon\" width=\"246\" height=\"246\"><\/a>\t\n\t<div class=\"sc_services_item_info\">\n\t\t\t\t<div class=\"sc_services_item_header\">\n\t\t\t\t\t\t<h4 class=\"sc_services_item_title entry-title\"><a href=\"https:\/\/fssj.es\/es\/services\/servei-de-fisioterapia\/\">Servicio de fisioterapia<\/a><\/h4>\n            \t\t<\/div>\n\t\t                    <div class=\"sc_services_item_content\"><p>El Servicio de Fisioterapia de la Fundaci\u00f3n Sanitaria Sant Josep realiza su tarea rehabilitadora en 5 dispositivos que son: la Unidad de Hospitalizaci\u00f3n, el Hospital de D\u00eda, Sant Josep Residencial,&hellip;<\/p>\n<\/div><div class=\"sc_services_item_button sc_item_button\">\n            <a href=\"https:\/\/fssj.es\/es\/services\/servei-de-fisioterapia\/\" class=\"sc_services_item_more_link\">\n                <span class=\"link_text\">Ver servicio<\/span><span class=\"link_icon\"><\/span>\n            <\/a>\n            <\/div><\/div><a class=\"sc_services_item_link\" href=\"https:\/\/fssj.es\/es\/services\/servei-de-fisioterapia\/\"><\/a><\/div>\n<\/div><div class=\"trx_addons_column-1_3 trx_addons_column-1_2-tablet\"><div data-post-id=\"25813\" class=\"sc_services_item sc_item_container post_container with_content with_pictogram sc_services_item_featured_top post-25813 cpt_services type-cpt_services status-publish has-post-thumbnail hentry cpt_services_group-edifici-central-fundacio-es\" data-item-number=\"6\"\n>\n\t<a href=\"https:\/\/fssj.es\/es\/services\/equip-davaluacio-integral-ambulatoria-de-trastorns-cognitius\/\" class=\"sc_services_item_pictogram\"><img loading=\"lazy\" decoding=\"async\" src=\"https:\/\/fssj.es\/wp-content\/uploads\/2022\/02\/Mesa-de-trabajo-1-copia-5@2x.png\" alt=\"Icon\" width=\"246\" height=\"246\"><\/a>\t\n\t<div class=\"sc_services_item_info\">\n\t\t\t\t<div class=\"sc_services_item_header\">\n\t\t\t\t\t\t<h4 class=\"sc_services_item_title entry-title\"><a href=\"https:\/\/fssj.es\/es\/services\/equip-davaluacio-integral-ambulatoria-de-trastorns-cognitius\/\">Equipo de Avaluaci\u00f3n Integral Ambulatoria de Trastornos Cognitivos (EAIA)<\/a><\/h4>\n            \t\t<\/div>\n\t\t                    <div class=\"sc_services_item_content\"><p>Recurso sociosanitario que se define como un servicio especializado en demencias de car\u00e1cter ambulatorio y de atenci\u00f3n interdisciplinaria. Se ocupan del diagn\u00f3stico de los trastornos cognitivos, de la planificaci\u00f3n y&hellip;<\/p>\n<\/div><div class=\"sc_services_item_button sc_item_button\">\n            <a href=\"https:\/\/fssj.es\/es\/services\/equip-davaluacio-integral-ambulatoria-de-trastorns-cognitius\/\" class=\"sc_services_item_more_link\">\n                <span class=\"link_text\">Ver servicio<\/span><span class=\"link_icon\"><\/span>\n            <\/a>\n            <\/div><\/div><a class=\"sc_services_item_link\" href=\"https:\/\/fssj.es\/es\/services\/equip-davaluacio-integral-ambulatoria-de-trastorns-cognitius\/\"><\/a><\/div>\n<\/div><div class=\"trx_addons_column-1_3 trx_addons_column-1_2-tablet\"><div data-post-id=\"25821\" class=\"sc_services_item sc_item_container post_container with_content with_pictogram sc_services_item_featured_top post-25821 cpt_services type-cpt_services status-publish has-post-thumbnail hentry cpt_services_group-edifici-central-fundacio-es\" data-item-number=\"7\"\n>\n\t<a href=\"https:\/\/fssj.es\/es\/services\/consulta-de-geriatria\/\" class=\"sc_services_item_pictogram\"><img loading=\"lazy\" decoding=\"async\" src=\"https:\/\/fssj.es\/wp-content\/uploads\/2022\/02\/Mesa-de-trabajo-1-copia-7@2x.png\" alt=\"Icon\" width=\"246\" height=\"246\"><\/a>\t\n\t<div class=\"sc_services_item_info\">\n\t\t\t\t<div class=\"sc_services_item_header\">\n\t\t\t\t\t\t<h4 class=\"sc_services_item_title entry-title\"><a href=\"https:\/\/fssj.es\/es\/services\/consulta-de-geriatria\/\">Consulta de Geriatr\u00eda<\/a><\/h4>\n            \t\t<\/div>\n\t\t                    <div class=\"sc_services_item_content\"><p>Cuidado de los adultos mayores que toca aspectos preventivos, terap\u00e9uticos, rehabilitadores y paliativos que integra los aspectos sociales y familiares. Proporcionamos herramientas para la atenci\u00f3n del adulto mayor enfermo en&hellip;<\/p>\n<\/div><div class=\"sc_services_item_button sc_item_button\">\n            <a href=\"https:\/\/fssj.es\/es\/services\/consulta-de-geriatria\/\" class=\"sc_services_item_more_link\">\n                <span class=\"link_text\">Ver servicio<\/span><span class=\"link_icon\"><\/span>\n            <\/a>\n            <\/div><\/div><a class=\"sc_services_item_link\" href=\"https:\/\/fssj.es\/es\/services\/consulta-de-geriatria\/\"><\/a><\/div>\n<\/div><div class=\"trx_addons_column-1_3 trx_addons_column-1_2-tablet\"><div data-post-id=\"25826\" class=\"sc_services_item sc_item_container post_container with_content with_pictogram sc_services_item_featured_top post-25826 cpt_services type-cpt_services status-publish has-post-thumbnail hentry cpt_services_group-centre-de-dia-montbui-es\" data-item-number=\"8\"\n>\n\t<a href=\"https:\/\/fssj.es\/es\/services\/centre-de-dia-montbui\/\" class=\"sc_services_item_pictogram\"><img loading=\"lazy\" decoding=\"async\" src=\"https:\/\/fssj.es\/wp-content\/uploads\/2022\/02\/Mesa-de-trabajo-1-copia-6@2x.png\" alt=\"Icon\" width=\"246\" height=\"246\"><\/a>\t\n\t<div class=\"sc_services_item_info\">\n\t\t\t\t<div class=\"sc_services_item_header\">\n\t\t\t\t\t\t<h4 class=\"sc_services_item_title entry-title\"><a href=\"https:\/\/fssj.es\/es\/services\/centre-de-dia-montbui\/\">Centro de D\u00eda -Montbui-<\/a><\/h4>\n            \t\t<\/div>\n\t\t                    <div class=\"sc_services_item_content\"><p>El Centro de D\u00eda Montbui es un servicio de acogida diurna y de asistencia a las actividades de la vida diaria para personas grandes con dependencia. Todas las intervenciones inciden&hellip;<\/p>\n<\/div><div class=\"sc_services_item_button sc_item_button\">\n            <a href=\"https:\/\/fssj.es\/es\/services\/centre-de-dia-montbui\/\" class=\"sc_services_item_more_link\">\n                <span class=\"link_text\">Ver servicio<\/span><span class=\"link_icon\"><\/span>\n            <\/a>\n            <\/div><\/div><a class=\"sc_services_item_link\" href=\"https:\/\/fssj.es\/es\/services\/centre-de-dia-montbui\/\"><\/a><\/div>\n<\/div><\/div><\/div>\t\t\t\t<\/div>\n\t\t\t\t<\/div>\n\t\t\t\t\t<\/div>\n\t\t<\/div>\n\t\t\t\t\t<\/div>\n\t\t<\/section>\n\t\t\t\t<div class=\"elementor-element elementor-element-6cbf10e sc_height_huge sc_fly_static elementor-widget elementor-widget-spacer\" data-id=\"6cbf10e\" data-element_type=\"widget\" data-e-type=\"widget\" data-widget_type=\"spacer.default\">\n\t\t\t\t<div class=\"elementor-widget-container\">\n\t\t\t\t\t\t\t<div class=\"elementor-spacer\">\n\t\t\t<div class=\"elementor-spacer-inner\"><\/div>\n\t\t<\/div>\n\t\t\t\t\t\t<\/div>\n\t\t\t\t<\/div>\n\t\t\t\t\t<\/div>\n\t\t<\/div>\n\t\t\t\t\t<\/div>\n\t\t<\/section>\n\t\t\t\t<\/div>\n\t\t","protected":false},"excerpt":{"rendered":"<p>QU\u00c9 HACEMOS Servicios m\u00e9dicos y asistenciales Dicta sunt explicabo. Nemo enim ipsam voluptatem quia voluptas sit aspernaturaut odit aut fugit, sed quia consequuntur. Dicta sunt explicabo. Nemo enim ipsam voluptatem&hellip;<\/p>\n","protected":false},"author":1,"featured_media":25611,"parent":0,"menu_order":0,"comment_status":"closed","ping_status":"closed","template":"","meta":{"footnotes":""},"class_list":["post-25948","page","type-page","status-publish","has-post-thumbnail","hentry"],"_links":{"self":[{"href":"https:\/\/fssj.es\/es\/wp-json\/wp\/v2\/pages\/25948","targetHints":{"allow":["GET"]}}],"collection":[{"href":"https:\/\/fssj.es\/es\/wp-json\/wp\/v2\/pages"}],"about":[{"href":"https:\/\/fssj.es\/es\/wp-json\/wp\/v2\/types\/page"}],"author":[{"embeddable":true,"href":"https:\/\/fssj.es\/es\/wp-json\/wp\/v2\/users\/1"}],"replies":[{"embeddable":true,"href":"https:\/\/fssj.es\/es\/wp-json\/wp\/v2\/comments?post=25948"}],"version-history":[{"count":0,"href":"https:\/\/fssj.es\/es\/wp-json\/wp\/v2\/pages\/25948\/revisions"}],"wp:featuredmedia":[{"embeddable":true,"href":"https:\/\/fssj.es\/es\/wp-json\/wp\/v2\/media\/25611"}],"wp:attachment":[{"href":"https:\/\/fssj.es\/es\/wp-json\/wp\/v2\/media?parent=25948"}],"curies":[{"name":"wp","href":"https:\/\/api.w.org\/{rel}","templated":true}]}}